{"id":3130,"date":"2017-11-30T04:12:18","date_gmt":"2017-11-30T04:12:18","guid":{"rendered":"https:\/\/www.bass.com.br?page_id=3130"},"modified":"2020-05-25T15:21:30","modified_gmt":"2020-05-25T18:21:30","slug":"noticias","status":"publish","type":"page","link":"https:\/\/www.bass.com.br\/es\/noticias\/","title":{"rendered":"Noticias"},"content":{"rendered":"<div class=\"wpb-content-wrapper\"><div class=\"vc_row wpb_row vc_row-fluid vc_custom_1585578324392\"><div class=\"wpb_column vc_column_container vc_col-sm-3 vc_hidden-xs\"><div class=\"vc_column-inner\"><div class=\"wpb_wrapper\"><div  class=\"wpb_widgetised_column wpb_content_element\">\n\t\t<div class=\"wpb_wrapper\">\n\t\t\t\n\t\t\t<section id=\"nav_menu-18\" class=\"widget widget_nav_menu\"><h2 class=\"widget-title\">Corrosi\u00f3n acelerada<\/h2><div class=\"menu-camaras-ensaio-corrosao-acelerada-container\"><ul id=\"menu-camaras-ensaio-corrosao-acelerada\" class=\"menu rt-mega-menu-transition-default\"><li id=\"menu-item-6822\" class=\"menu-item menu-item-type-post_type menu-item-object-page menu-flyout rt-mega-menu-hover item-6822\"><a  href=\"https:\/\/www.bass.com.br\/es\/equipamentos\/teste-de-corrosao\/modelos-usc\/\">Niebla salina (pulverizaci\u00f3n salina) \u2013 Modelos USC<\/a><\/li>\n<li id=\"menu-item-6821\" class=\"menu-item menu-item-type-post_type menu-item-object-page menu-flyout rt-mega-menu-hover item-6821\"><a  href=\"https:\/\/www.bass.com.br\/es\/equipamentos\/teste-de-corrosao\/modelos-uk\/\">Humedad saturada: modelos del Reino Unido<\/a><\/li>\n<li id=\"menu-item-6820\" class=\"menu-item menu-item-type-post_type menu-item-object-page menu-flyout rt-mega-menu-hover item-6820\"><a  href=\"https:\/\/www.bass.com.br\/es\/equipamentos\/teste-de-corrosao\/modelos-cct-lq-e-cct-gs\/\">C\u00edclico \u2013 Modelos CCT<\/a><\/li>\n<li id=\"menu-item-6819\" class=\"menu-item menu-item-type-post_type menu-item-object-page menu-flyout rt-mega-menu-hover item-6819\"><a  href=\"https:\/\/www.bass.com.br\/es\/equipamentos\/teste-de-corrosao\/custom-designed-series\/\">Especiales \u2013 Dimensiones y Caracter\u00edsticas T\u00e9cnicas<\/a><\/li>\n<\/ul><\/div><\/section><section id=\"nav_menu-21\" class=\"widget widget_nav_menu\"><h2 class=\"widget-title\">Meteorizaci\u00f3n acelerada<\/h2><div class=\"menu-camaras-ensaio-intemperismo-acelerado-container\"><ul id=\"menu-camaras-ensaio-intemperismo-acelerado\" class=\"menu rt-mega-menu-transition-default\"><li id=\"menu-item-7262\" class=\"menu-item menu-item-type-post_type menu-item-object-page menu-flyout rt-mega-menu-hover item-7262\"><a  href=\"https:\/\/www.bass.com.br\/es\/equipamentos\/testes-de-intemperismo-acelerado\/uux-intemperismo-acelerado-por-luz-xenonio\/\">Luz de xen\u00f3n \u2013 modelos UUX<\/a><\/li>\n<li id=\"menu-item-7263\" class=\"menu-item menu-item-type-post_type menu-item-object-page menu-flyout rt-mega-menu-hover item-7263\"><a  href=\"https:\/\/www.bass.com.br\/es\/equipamentos\/testes-de-intemperismo-acelerado\/ultravioleta-modelos-uuv\/\">Ultravioleta \u2013 Modelos UUV<\/a><\/li>\n<\/ul><\/div><\/section><section id=\"nav_menu-19\" class=\"widget widget_nav_menu\"><h2 class=\"widget-title\">Clima<\/h2><div class=\"menu-camaras-ensaio-climaticas-container\"><ul id=\"menu-camaras-ensaio-climaticas\" class=\"menu rt-mega-menu-transition-default\"><li id=\"menu-item-7265\" class=\"menu-item menu-item-type-post_type menu-item-object-page menu-flyout rt-mega-menu-hover item-7265\"><a  href=\"https:\/\/www.bass.com.br\/es\/equipamentos\/testes-de-simulacao\/uuc-temperatura-umidade-controladas\/\">Continuo (estado estable) \u2013 Modelos UUC<\/a><\/li>\n<li id=\"menu-item-7266\" class=\"menu-item menu-item-type-post_type menu-item-object-page menu-flyout rt-mega-menu-hover item-7266\"><a  href=\"https:\/\/www.bass.com.br\/es\/equipamentos\/testes-de-simulacao\/ciclo-termico\/\">Ciclo T\u00e9rmico<\/a><\/li>\n<\/ul><\/div><\/section><section id=\"nav_menu-20\" class=\"widget widget_nav_menu\"><h2 class=\"widget-title\">Otros Simulaci\u00f3n<\/h2><div class=\"menu-camaras-ensaio-outros-simulacao-container\"><ul id=\"menu-camaras-ensaio-outros-simulacao\" class=\"menu rt-mega-menu-transition-default\"><li id=\"menu-item-7264\" class=\"menu-item menu-item-type-post_type menu-item-object-page menu-flyout rt-mega-menu-hover item-7264\"><a  href=\"https:\/\/www.bass.com.br\/es\/equipamentos\/testes-de-simulacao\/gravelometro-modelo-ug\/\">Impacto de piedra\/disparo \u2013 Gravel\u00f3metro Modelo UG<\/a><\/li>\n<li id=\"menu-item-6815\" class=\"menu-item menu-item-type-post_type menu-item-object-page menu-flyout rt-mega-menu-hover item-6815\"><a  href=\"https:\/\/www.bass.com.br\/es\/equipamentos\/outros\/udust-permeabilidade-a-poeira\/\">Permeabilidade a Poeira &#8211; Modelo UDust<\/a><\/li>\n<li id=\"menu-item-6816\" class=\"menu-item menu-item-type-post_type menu-item-object-page menu-flyout rt-mega-menu-hover item-6816\"><a  href=\"https:\/\/www.bass.com.br\/es\/equipamentos\/outros\/urain-permeabilidade-agua\/\">Permeabilidade \u00c1gua &#8211; Modelo URain<\/a><\/li>\n<\/ul><\/div><\/section><section id=\"nav_menu-25\" class=\"widget widget_nav_menu\"><h2 class=\"widget-title\">Software y Aplicaciones<\/h2><div class=\"menu-camaras-ensaio-software-e-aplicativos-container\"><ul id=\"menu-camaras-ensaio-software-e-aplicativos\" class=\"menu rt-mega-menu-transition-default\"><li id=\"menu-item-7267\" class=\"menu-item menu-item-type-post_type menu-item-object-page menu-flyout rt-mega-menu-hover item-7267\"><a  href=\"https:\/\/www.bass.com.br\/es\/equipamentos\/software-e-aplicativos\/basstrek\/\">Basstrek<\/a><\/li>\n<\/ul><\/div><\/section><section id=\"text-2\" class=\"widget widget_text\"><h2 class=\"widget-title\">Newsletter<\/h2>\t\t\t<div class=\"textwidget\"><p><script>(function() {\n\twindow.mc4wp = window.mc4wp || {\n\t\tlisteners: [],\n\t\tforms: {\n\t\t\ton: function(evt, cb) {\n\t\t\t\twindow.mc4wp.listeners.push(\n\t\t\t\t\t{\n\t\t\t\t\t\tevent   : evt,\n\t\t\t\t\t\tcallback: cb\n\t\t\t\t\t}\n\t\t\t\t);\n\t\t\t}\n\t\t}\n\t}\n})();\n<\/script><!-- Mailchimp for WordPress v4.12.5 - https:\/\/wordpress.org\/plugins\/mailchimp-for-wp\/ --><\/p>\n<form id=\"mc4wp-form-1\" class=\"mc4wp-form mc4wp-form-287\" method=\"post\" data-id=\"287\" data-name=\"Mailchimp\" action=\"\" >\n<div class=\"mc4wp-form-fields\"><input style=\"margin-top:10px;\" class=\"newsletterform\" type=\"text\" name=\"NAME\" placeholder=\"Nombre\" required \/><br \/>\n<input class=\"newsletterform\" type=\"email\" name=\"Email\" placeholder=\"Correo electr\u00f3nico\" required \/><\/p>\n<p><center><button type=\"submit\"><br \/>\nEscribir<br \/>\n<\/button><\/center>\n<\/div>\n<p><label style=\"display: none !important;\">Deja vac\u00edo este campo si eres humano: <input type=\"text\" name=\"_mc4wp_honeypot\" value=\"\" tabindex=\"-1\" autocomplete=\"off\" \/><\/label><input type=\"hidden\" name=\"_mc4wp_timestamp\" value=\"1778679591\" \/><input type=\"hidden\" name=\"_mc4wp_form_id\" value=\"287\" \/><input type=\"hidden\" name=\"_mc4wp_form_element_id\" value=\"mc4wp-form-1\" \/><\/p>\n<div class=\"mc4wp-response\"><\/div>\n<input type=\"hidden\" name=\"trp-form-language\" value=\"es\"\/><\/form>\n<p><!-- \/ Mailchimp for WordPress Plugin --><\/p>\n<\/div>\n\t\t<\/section>\n\t\t<\/div>\n\t<\/div>\n<\/div><\/div><\/div><div class=\"wpb_column vc_column_container vc_col-sm-9\"><div class=\"vc_column-inner\"><div class=\"wpb_wrapper\"><!-- blog -->\r<div class=\"blog element-four\"  data-row-items=\"2\"><article class=\"blog-item\" ><div class=\"holder\"><div class=\"pic\"><img decoding=\"async\" src=\"https:\/\/www.bass.com.br\/wp-content\/plugins\/radiantthemes-addons\/blog\/images\/blank-image-100x60.jpg\" alt=\"blank image\" width=\"100\" height=\"60\"><a class=\"holder\" href=\"https:\/\/www.bass.com.br\/es\/seminario-metrologia-e-controle-de-qualidade\/\" style=\"background-image:url(https:\/\/www.bass.com.br\/wp-content\/uploads\/2025\/06\/WhatsApp-Image-2025-06-05-at-10.05.28-576x1024.jpeg)\"><\/a><\/div><div class=\"data\"><h4><a href=\"https:\/\/www.bass.com.br\/es\/seminario-metrologia-e-controle-de-qualidade\/\">SEMIN\u00c1RIO METROLOGIA E CONTROLE DE QUALIDADE<\/a><\/h4><ul class=\"meta\"><li>5 junio, 2025<\/li><li>0 Comments<\/li><\/ul><p>Um evento essencial para profissionais e empresas que buscam aprimorar conhecimentos, trocar experi\u00eancias e conhecer as melhores pr\u00e1ticas em metrologia...<\/p><a class=\"btn\" href=\"https:\/\/www.bass.com.br\/es\/seminario-metrologia-e-controle-de-qualidade\/\">Continue lendo<\/a><\/div><\/div><\/article><article class=\"blog-item\" ><div class=\"holder\"><div class=\"pic\"><img decoding=\"async\" src=\"https:\/\/www.bass.com.br\/wp-content\/plugins\/radiantthemes-addons\/blog\/images\/blank-image-100x60.jpg\" alt=\"blank image\" width=\"100\" height=\"60\"><a class=\"holder\" href=\"https:\/\/www.bass.com.br\/es\/eng-carlos-maciel-apresenta-palestra-sobre-os-ensaios-de-intemperismo-acelerado-para-avaliacao-da-durabilidade-na-intermach-2023-em-joinville-sc\/\" style=\"background-image:url(https:\/\/www.bass.com.br\/wp-content\/uploads\/2024\/03\/Intermach-Joinville-2023-01-rev-.jpg)\"><\/a><\/div><div class=\"data\"><h4><a href=\"https:\/\/www.bass.com.br\/es\/eng-carlos-maciel-apresenta-palestra-sobre-os-ensaios-de-intemperismo-acelerado-para-avaliacao-da-durabilidade-na-intermach-2023-em-joinville-sc\/\">Eng. Carlos Maciel apresenta palestra sobre os ensaios de intemperismo acelerado para avalia\u00e7\u00e3o da durabilidade na INTERMACH 2023 em Joinville SC<\/a><\/h4><ul class=\"meta\"><li>25 marzo, 2024<\/li><li>0 Comments<\/li><\/ul><p>Eng. Carlos Maciel apresenta palestra sobre os ensaios de intemperismo acelerado para avalia\u00e7\u00e3o da durabilidade na INTERMACH 2023 em Joinville...<\/p><a class=\"btn\" href=\"https:\/\/www.bass.com.br\/es\/eng-carlos-maciel-apresenta-palestra-sobre-os-ensaios-de-intemperismo-acelerado-para-avaliacao-da-durabilidade-na-intermach-2023-em-joinville-sc\/\">Continue lendo<\/a><\/div><\/div><\/article><article class=\"blog-item\" ><div class=\"holder\"><div class=\"pic\"><img decoding=\"async\" src=\"https:\/\/www.bass.com.br\/wp-content\/plugins\/radiantthemes-addons\/blog\/images\/blank-image-100x60.jpg\" alt=\"blank image\" width=\"100\" height=\"60\"><a class=\"holder\" href=\"https:\/\/www.bass.com.br\/es\/atualizacao-da-norma-abnt-8754-do-metodo-de-execucao-e-avaliacao-dos-corpos-de-prova-revestidos-com-entalhe-expostos-a-ambientes-corrosivos\/\" style=\"background-image:url(https:\/\/www.bass.com.br\/wp-content\/uploads\/2024\/03\/ABNT-8754-.jpg)\"><\/a><\/div><div class=\"data\"><h4><a href=\"https:\/\/www.bass.com.br\/es\/atualizacao-da-norma-abnt-8754-do-metodo-de-execucao-e-avaliacao-dos-corpos-de-prova-revestidos-com-entalhe-expostos-a-ambientes-corrosivos\/\">Atualiza\u00e7\u00e3o da norma ABNT 8754 do m\u00e9todo de execu\u00e7\u00e3o e avalia\u00e7\u00e3o dos corpos de prova revestidos com entalhe expostos a ambientes corrosivos<\/a><\/h4><ul class=\"meta\"><li>25 marzo, 2024<\/li><li>0 Comments<\/li><\/ul><p>Atualiza\u00e7\u00e3o da norma ABNT 8754 do m\u00e9todo de execu\u00e7\u00e3o e avalia\u00e7\u00e3o dos corpos de prova revestidos com entalhe expostos a...<\/p><a class=\"btn\" href=\"https:\/\/www.bass.com.br\/es\/atualizacao-da-norma-abnt-8754-do-metodo-de-execucao-e-avaliacao-dos-corpos-de-prova-revestidos-com-entalhe-expostos-a-ambientes-corrosivos\/\">Continue lendo<\/a><\/div><\/div><\/article><article class=\"blog-item\" ><div class=\"holder\"><div class=\"pic\"><img decoding=\"async\" src=\"https:\/\/www.bass.com.br\/wp-content\/plugins\/radiantthemes-addons\/blog\/images\/blank-image-100x60.jpg\" alt=\"blank image\" width=\"100\" height=\"60\"><a class=\"holder\" href=\"https:\/\/www.bass.com.br\/es\/atualizacao-a-norma-para-ensaios-de-corrosao-por-exposicao-a-nevoa-salina\/\" style=\"background-image:url(https:\/\/www.bass.com.br\/wp-content\/uploads\/2023\/04\/popup.jpg)\"><\/a><\/div><div class=\"data\"><h4><a href=\"https:\/\/www.bass.com.br\/es\/atualizacao-a-norma-para-ensaios-de-corrosao-por-exposicao-a-nevoa-salina\/\">Atualiza\u00e7\u00e3o a norma para Ensaios de corros\u00e3o por exposi\u00e7\u00e3o a N\u00e9voa Salina<\/a><\/h4><ul class=\"meta\"><li>5 abril, 2023<\/li><li>0 Comments<\/li><\/ul><p>Ap\u00f3s 40 anos, a ABNT atualizou a norma para Ensaios de corros\u00e3o por exposi\u00e7\u00e3o a N\u00e9voa Salina ( conhecida como...<\/p><a class=\"btn\" href=\"https:\/\/www.bass.com.br\/es\/atualizacao-a-norma-para-ensaios-de-corrosao-por-exposicao-a-nevoa-salina\/\">Continue lendo<\/a><\/div><\/div><\/article><article class=\"blog-item\" ><div class=\"holder\"><div class=\"pic\"><img decoding=\"async\" src=\"https:\/\/www.bass.com.br\/wp-content\/plugins\/radiantthemes-addons\/blog\/images\/blank-image-100x60.jpg\" alt=\"blank image\" width=\"100\" height=\"60\"><a class=\"holder\" href=\"https:\/\/www.bass.com.br\/es\/participacao-na-amostra-sae-de-testes-e-simulacoes-automaker-test-simulations\/\" style=\"background-image:url(https:\/\/www.bass.com.br\/wp-content\/uploads\/2020\/05\/Simposio-SAE-Testes-e-Simula\u00e7\u00f5es-.jpg)\"><\/a><\/div><div class=\"data\"><h4><a href=\"https:\/\/www.bass.com.br\/es\/participacao-na-amostra-sae-de-testes-e-simulacoes-automaker-test-simulations\/\">Participa\u00e7\u00e3o na amostra SAE de Testes e Simula\u00e7\u00f5es (AUTOMAKER TEST &#038; SIMULATIONS)<\/a><\/h4><ul class=\"meta\"><li>14 mayo, 2020<\/li><li>0 Comments<\/li><\/ul><p><\/p><a class=\"btn\" href=\"https:\/\/www.bass.com.br\/es\/participacao-na-amostra-sae-de-testes-e-simulacoes-automaker-test-simulations\/\">Continue lendo<\/a><\/div><\/div><\/article><article class=\"blog-item\" ><div class=\"holder\"><div class=\"pic\"><img decoding=\"async\" src=\"https:\/\/www.bass.com.br\/wp-content\/plugins\/radiantthemes-addons\/blog\/images\/blank-image-100x60.jpg\" alt=\"blank image\" width=\"100\" height=\"60\"><a class=\"holder\" href=\"https:\/\/www.bass.com.br\/es\/participacao-nas-principais-feiras-e-congressos-internacionais\/\" style=\"background-image:url(https:\/\/www.bass.com.br\/wp-content\/uploads\/2020\/04\/semimagem1.png)\"><\/a><\/div><div class=\"data\"><h4><a href=\"https:\/\/www.bass.com.br\/es\/participacao-nas-principais-feiras-e-congressos-internacionais\/\">Participa\u00e7\u00e3o nas principais feiras e congressos internacionais.<\/a><\/h4><ul class=\"meta\"><li>11 mayo, 2020<\/li><li>0 Comments<\/li><\/ul><p><\/p><a class=\"btn\" href=\"https:\/\/www.bass.com.br\/es\/participacao-nas-principais-feiras-e-congressos-internacionais\/\">Continue lendo<\/a><\/div><\/div><\/article><\/div>\r<!-- blog -->\r<\/div><\/div><\/div><\/div>\n<\/div>","protected":false},"excerpt":{"rendered":"","protected":false},"author":1,"featured_media":0,"parent":0,"menu_order":0,"comment_status":"closed","ping_status":"closed","template":"","meta":{"footnotes":""},"class_list":["post-3130","page","type-page","status-publish","hentry"],"yoast_head":"<!-- This site is optimized with the Yoast SEO plugin v27.6 - https:\/\/yoast.com\/product\/yoast-seo-wordpress\/ -->\n<title>Not\u00edcias - Bass Equipamentos<\/title>\n<meta name=\"robots\" content=\"index, follow, max-snippet:-1, max-image-preview:large, max-video-preview:-1\" \/>\n<link rel=\"canonical\" href=\"https:\/\/www.bass.com.br\/es\/noticias\/\" \/>\n<meta property=\"og:locale\" content=\"es_ES\" \/>\n<meta property=\"og:type\" content=\"article\" \/>\n<meta property=\"og:title\" content=\"Not\u00edcias - Bass Equipamentos\" \/>\n<meta property=\"og:url\" content=\"https:\/\/www.bass.com.br\/es\/noticias\/\" \/>\n<meta property=\"og:site_name\" content=\"Bass Equipamentos\" \/>\n<meta property=\"article:publisher\" content=\"https:\/\/www.facebook.com\/BassEquipamentos\/\" \/>\n<meta property=\"article:modified_time\" content=\"2020-05-25T18:21:30+00:00\" \/>\n<meta name=\"twitter:card\" content=\"summary_large_image\" \/>\n<script type=\"application\/ld+json\" class=\"yoast-schema-graph\">{\"@context\":\"https:\\\/\\\/schema.org\",\"@graph\":[{\"@type\":\"WebPage\",\"@id\":\"https:\\\/\\\/www.bass.com.br\\\/noticias\\\/\",\"url\":\"https:\\\/\\\/www.bass.com.br\\\/noticias\\\/\",\"name\":\"Not\u00edcias - Bass Equipamentos\",\"isPartOf\":{\"@id\":\"https:\\\/\\\/www.bass.com.br\\\/#website\"},\"datePublished\":\"2017-11-30T04:12:18+00:00\",\"dateModified\":\"2020-05-25T18:21:30+00:00\",\"breadcrumb\":{\"@id\":\"https:\\\/\\\/www.bass.com.br\\\/noticias\\\/#breadcrumb\"},\"inLanguage\":\"es\",\"potentialAction\":[{\"@type\":\"ReadAction\",\"target\":[\"https:\\\/\\\/www.bass.com.br\\\/noticias\\\/\"]}]},{\"@type\":\"BreadcrumbList\",\"@id\":\"https:\\\/\\\/www.bass.com.br\\\/noticias\\\/#breadcrumb\",\"itemListElement\":[{\"@type\":\"ListItem\",\"position\":1,\"name\":\"In\u00edcio\",\"item\":\"https:\\\/\\\/www.bass.com.br\\\/\"},{\"@type\":\"ListItem\",\"position\":2,\"name\":\"Not\u00edcias\"}]},{\"@type\":\"WebSite\",\"@id\":\"https:\\\/\\\/www.bass.com.br\\\/#website\",\"url\":\"https:\\\/\\\/www.bass.com.br\\\/\",\"name\":\"Bass Equipamentos\",\"description\":\"Qualidade, Durabilidade, Performance e Economia.\",\"publisher\":{\"@id\":\"https:\\\/\\\/www.bass.com.br\\\/#organization\"},\"potentialAction\":[{\"@type\":\"SearchAction\",\"target\":{\"@type\":\"EntryPoint\",\"urlTemplate\":\"https:\\\/\\\/www.bass.com.br\\\/?s={search_term_string}\"},\"query-input\":{\"@type\":\"PropertyValueSpecification\",\"valueRequired\":true,\"valueName\":\"search_term_string\"}}],\"inLanguage\":\"es\"},{\"@type\":\"Organization\",\"@id\":\"https:\\\/\\\/www.bass.com.br\\\/#organization\",\"name\":\"Bass Equipamentos\",\"url\":\"https:\\\/\\\/www.bass.com.br\\\/\",\"logo\":{\"@type\":\"ImageObject\",\"inLanguage\":\"es\",\"@id\":\"https:\\\/\\\/www.bass.com.br\\\/#\\\/schema\\\/logo\\\/image\\\/\",\"url\":\"https:\\\/\\\/www.bass.com.br\\\/wp-content\\\/uploads\\\/2020\\\/04\\\/logo-bass3_site.png\",\"contentUrl\":\"https:\\\/\\\/www.bass.com.br\\\/wp-content\\\/uploads\\\/2020\\\/04\\\/logo-bass3_site.png\",\"width\":800,\"height\":227,\"caption\":\"Bass Equipamentos\"},\"image\":{\"@id\":\"https:\\\/\\\/www.bass.com.br\\\/#\\\/schema\\\/logo\\\/image\\\/\"},\"sameAs\":[\"https:\\\/\\\/www.facebook.com\\\/BassEquipamentos\\\/\",\"https:\\\/\\\/www.instagram.com\\\/bass_equipamentos\\\/\",\"https:\\\/\\\/br.linkedin.com\\\/company\\\/bass-equipamentos-ltda\"]}]}<\/script>\n<!-- \/ Yoast SEO plugin. -->","yoast_head_json":{"title":"Not\u00edcias - Bass Equipamentos","robots":{"index":"index","follow":"follow","max-snippet":"max-snippet:-1","max-image-preview":"max-image-preview:large","max-video-preview":"max-video-preview:-1"},"canonical":"https:\/\/www.bass.com.br\/es\/noticias\/","og_locale":"es_ES","og_type":"article","og_title":"Not\u00edcias - Bass Equipamentos","og_url":"https:\/\/www.bass.com.br\/es\/noticias\/","og_site_name":"Bass Equipamentos","article_publisher":"https:\/\/www.facebook.com\/BassEquipamentos\/","article_modified_time":"2020-05-25T18:21:30+00:00","twitter_card":"summary_large_image","schema":{"@context":"https:\/\/schema.org","@graph":[{"@type":"WebPage","@id":"https:\/\/www.bass.com.br\/noticias\/","url":"https:\/\/www.bass.com.br\/noticias\/","name":"Not\u00edcias - Bass Equipamentos","isPartOf":{"@id":"https:\/\/www.bass.com.br\/#website"},"datePublished":"2017-11-30T04:12:18+00:00","dateModified":"2020-05-25T18:21:30+00:00","breadcrumb":{"@id":"https:\/\/www.bass.com.br\/noticias\/#breadcrumb"},"inLanguage":"es","potentialAction":[{"@type":"ReadAction","target":["https:\/\/www.bass.com.br\/noticias\/"]}]},{"@type":"BreadcrumbList","@id":"https:\/\/www.bass.com.br\/noticias\/#breadcrumb","itemListElement":[{"@type":"ListItem","position":1,"name":"In\u00edcio","item":"https:\/\/www.bass.com.br\/"},{"@type":"ListItem","position":2,"name":"Not\u00edcias"}]},{"@type":"WebSite","@id":"https:\/\/www.bass.com.br\/#website","url":"https:\/\/www.bass.com.br\/","name":"Bass Equipamentos","description":"Qualidade, Durabilidade, Performance e Economia.","publisher":{"@id":"https:\/\/www.bass.com.br\/#organization"},"potentialAction":[{"@type":"SearchAction","target":{"@type":"EntryPoint","urlTemplate":"https:\/\/www.bass.com.br\/?s={search_term_string}"},"query-input":{"@type":"PropertyValueSpecification","valueRequired":true,"valueName":"search_term_string"}}],"inLanguage":"es"},{"@type":"Organization","@id":"https:\/\/www.bass.com.br\/#organization","name":"Bass Equipamentos","url":"https:\/\/www.bass.com.br\/","logo":{"@type":"ImageObject","inLanguage":"es","@id":"https:\/\/www.bass.com.br\/#\/schema\/logo\/image\/","url":"https:\/\/www.bass.com.br\/wp-content\/uploads\/2020\/04\/logo-bass3_site.png","contentUrl":"https:\/\/www.bass.com.br\/wp-content\/uploads\/2020\/04\/logo-bass3_site.png","width":800,"height":227,"caption":"Bass Equipamentos"},"image":{"@id":"https:\/\/www.bass.com.br\/#\/schema\/logo\/image\/"},"sameAs":["https:\/\/www.facebook.com\/BassEquipamentos\/","https:\/\/www.instagram.com\/bass_equipamentos\/","https:\/\/br.linkedin.com\/company\/bass-equipamentos-ltda"]}]}},"_links":{"self":[{"href":"https:\/\/www.bass.com.br\/es\/wp-json\/wp\/v2\/pages\/3130","targetHints":{"allow":["GET"]}}],"collection":[{"href":"https:\/\/www.bass.com.br\/es\/wp-json\/wp\/v2\/pages"}],"about":[{"href":"https:\/\/www.bass.com.br\/es\/wp-json\/wp\/v2\/types\/page"}],"author":[{"embeddable":true,"href":"https:\/\/www.bass.com.br\/es\/wp-json\/wp\/v2\/users\/1"}],"replies":[{"embeddable":true,"href":"https:\/\/www.bass.com.br\/es\/wp-json\/wp\/v2\/comments?post=3130"}],"version-history":[{"count":5,"href":"https:\/\/www.bass.com.br\/es\/wp-json\/wp\/v2\/pages\/3130\/revisions"}],"predecessor-version":[{"id":7491,"href":"https:\/\/www.bass.com.br\/es\/wp-json\/wp\/v2\/pages\/3130\/revisions\/7491"}],"wp:attachment":[{"href":"https:\/\/www.bass.com.br\/es\/wp-json\/wp\/v2\/media?parent=3130"}],"curies":[{"name":"wp","href":"https:\/\/api.w.org\/{rel}","templated":true}]}}