{"id":6282,"date":"2018-02-21T05:26:24","date_gmt":"2018-02-21T05:26:24","guid":{"rendered":"https:\/\/themes.radiantthemes.com\/consultix\/demo-one\/?page_id=6282"},"modified":"2020-06-10T14:33:18","modified_gmt":"2020-06-10T17:33:18","slug":"teste-de-corrosao","status":"publish","type":"page","link":"https:\/\/www.bass.com.br\/es\/equipamentos\/teste-de-corrosao\/","title":{"rendered":"Corrosi\u00f3n acelerada"},"content":{"rendered":"<div class=\"wpb-content-wrapper\"><section data-vc-full-width=\"true\" data-vc-full-width-init=\"false\" class=\"vc_section vc_custom_1519185297550\"><div class=\"vc_row wpb_row vc_row-fluid vc_column-gap-15\"><div class=\"wpb_column vc_column_container vc_col-sm-6 vc_col-has-fill\"><div class=\"vc_column-inner vc_custom_1589565691224\"><div class=\"wpb_wrapper\"><div id=\"ultimate-heading-95269f4a6f790e18\" class=\"uvc-heading ult-adjust-bottom-margin ultimate-heading-95269f4a6f790e18 uvc-3899\" data-hspacer=\"line_only\"  data-halign=\"center\" style=\"text-align:center\"><div class=\"uvc-main-heading ult-responsive\"  data-ultimate-target='.uvc-heading.ultimate-heading-95269f4a6f790e18 h2'  data-responsive-json-new='{\"font-size\":\"desktop:26px;\",\"line-height\":\"\"}' ><h2 style=\"font-weight:normal;color:#000000;\">Niebla salina (pulverizaci\u00f3n salina) \u2013 Modelos USC<\/h2><\/div><div class=\"uvc-heading-spacer line_only\" style=\"topheight:5px;\"><span class=\"uvc-headings-line\" style=\"border-style:solid;border-bottom-width:5px;border-color:#36a7e9;width:autopx;\"><\/span><\/div><\/div><div class=\"vc_empty_space\"   style=\"height: 32px\"><span class=\"vc_empty_space_inner\"><\/span><\/div><div class=\"vc_btn3-container vc_btn3-center vc_do_btn\" ><a onmouseleave=\"this.style.borderColor='#a52a2a'; this.style.backgroundColor='transparent'; this.style.color='#a52a2a'\" onmouseenter=\"this.style.borderColor='#242424'; this.style.backgroundColor='#242424'; this.style.color='#ffffff';\" style=\"border-color:#a52a2a; color:#a52a2a;\" class=\"vc_general vc_btn3 vc_btn3-size-md vc_btn3-shape-rounded vc_btn3-style-outline-custom vc_btn3-icon-right\" href=\"\/es\/equipamentos\/teste-de-corrosao\/modelos-usc\/\" title=\"Niebla salina (pulverizaci\u00f3n salina) \u2013 Modelos USC\">+ DETALLES <i class=\"vc_btn3-icon fas fa-angle-right\"><\/i><\/a><\/div><\/div><\/div><\/div><div class=\"wpb_column vc_column_container vc_col-sm-6 vc_col-has-fill\"><div class=\"vc_column-inner vc_custom_1588252162223\"><div class=\"wpb_wrapper\"><div id=\"ultimate-heading-566069f4a6f791557\" class=\"uvc-heading ult-adjust-bottom-margin ultimate-heading-566069f4a6f791557 uvc-4282\" data-hspacer=\"line_only\"  data-halign=\"center\" style=\"text-align:center\"><div class=\"uvc-main-heading ult-responsive\"  data-ultimate-target='.uvc-heading.ultimate-heading-566069f4a6f791557 h2'  data-responsive-json-new='{\"font-size\":\"desktop:26px;\",\"line-height\":\"\"}' ><h2 style=\"font-weight:normal;color:#242424;\">Humedad saturada: modelos del Reino Unido<\/h2><\/div><div class=\"uvc-heading-spacer line_only\" style=\"topheight:5px;\"><span class=\"uvc-headings-line\" style=\"border-style:solid;border-bottom-width:5px;border-color:#36a7e9;width:autopx;\"><\/span><\/div><\/div><div class=\"vc_empty_space\"   style=\"height: 32px\"><span class=\"vc_empty_space_inner\"><\/span><\/div><div class=\"vc_btn3-container vc_btn3-center vc_do_btn\" ><a onmouseleave=\"this.style.borderColor='#a52a2a'; this.style.backgroundColor='transparent'; this.style.color='#a52a2a'\" onmouseenter=\"this.style.borderColor='#242424'; this.style.backgroundColor='#242424'; this.style.color='#ffffff';\" style=\"border-color:#a52a2a; color:#a52a2a;\" class=\"vc_general vc_btn3 vc_btn3-size-md vc_btn3-shape-rounded vc_btn3-style-outline-custom vc_btn3-icon-right\" href=\"\/es\/equipamentos\/teste-de-corrosao\/modelos-uk\/\" title=\"Niebla salina (pulverizaci\u00f3n salina) \u2013 Modelos USC\">+ DETALLES <i class=\"vc_btn3-icon fas fa-angle-right\"><\/i><\/a><\/div><\/div><\/div><\/div><\/div><div class=\"vc_row wpb_row vc_row-fluid vc_column-gap-15\"><div class=\"wpb_column vc_column_container vc_col-sm-6 vc_col-has-fill\"><div class=\"vc_column-inner vc_custom_1588252162223\"><div class=\"wpb_wrapper\"><div id=\"ultimate-heading-354469f4a6f791f4c\" class=\"uvc-heading ult-adjust-bottom-margin ultimate-heading-354469f4a6f791f4c uvc-8522\" data-hspacer=\"line_only\"  data-halign=\"center\" style=\"text-align:center\"><div class=\"uvc-main-heading ult-responsive\"  data-ultimate-target='.uvc-heading.ultimate-heading-354469f4a6f791f4c h2'  data-responsive-json-new='{\"font-size\":\"desktop:26px;\",\"line-height\":\"\"}' ><h2 style=\"font-weight:normal;color:#242424;\">Especiais \u2013 Dimens\u00f5es e T\u00e9cnicas<\/h2><\/div><div class=\"uvc-heading-spacer line_only\" style=\"topheight:5px;\"><span class=\"uvc-headings-line\" style=\"border-style:solid;border-bottom-width:5px;border-color:#36a7e9;width:autopx;\"><\/span><\/div><\/div><div class=\"vc_empty_space\"   style=\"height: 32px\"><span class=\"vc_empty_space_inner\"><\/span><\/div><div class=\"vc_btn3-container vc_btn3-center vc_do_btn\" ><a onmouseleave=\"this.style.borderColor='#a52a2a'; this.style.backgroundColor='transparent'; this.style.color='#a52a2a'\" onmouseenter=\"this.style.borderColor='#242424'; this.style.backgroundColor='#242424'; this.style.color='#ffffff';\" style=\"border-color:#a52a2a; color:#a52a2a;\" class=\"vc_general vc_btn3 vc_btn3-size-md vc_btn3-shape-rounded vc_btn3-style-outline-custom vc_btn3-icon-right\" href=\"\/es\/equipamentos\/teste-de-corrosao\/custom-designed-series\/\" title=\"Niebla salina (pulverizaci\u00f3n salina) \u2013 Modelos USC\">+ DETALLES <i class=\"vc_btn3-icon fas fa-angle-right\"><\/i><\/a><\/div><\/div><\/div><\/div><div class=\"wpb_column vc_column_container vc_col-sm-6 vc_col-has-fill\"><div class=\"vc_column-inner vc_custom_1588252064413\"><div class=\"wpb_wrapper\"><div id=\"ultimate-heading-653869f4a6f792412\" class=\"uvc-heading ult-adjust-bottom-margin ultimate-heading-653869f4a6f792412 uvc-2258\" data-hspacer=\"line_only\"  data-halign=\"center\" style=\"text-align:center\"><div class=\"uvc-main-heading ult-responsive\"  data-ultimate-target='.uvc-heading.ultimate-heading-653869f4a6f792412 h2'  data-responsive-json-new='{\"font-size\":\"desktop:26px;\",\"line-height\":\"\"}' ><h2 style=\"font-weight:normal;color:#242424;\">C\u00edclico \u2013 Modelos CCT<\/h2><\/div><div class=\"uvc-heading-spacer line_only\" style=\"topheight:5px;\"><span class=\"uvc-headings-line\" style=\"border-style:solid;border-bottom-width:5px;border-color:#36a7e9;width:autopx;\"><\/span><\/div><\/div><div class=\"vc_empty_space\"   style=\"height: 32px\"><span class=\"vc_empty_space_inner\"><\/span><\/div><div class=\"vc_btn3-container vc_btn3-center vc_do_btn\" ><a onmouseleave=\"this.style.borderColor='#a52a2a'; this.style.backgroundColor='transparent'; this.style.color='#a52a2a'\" onmouseenter=\"this.style.borderColor='#242424'; this.style.backgroundColor='#242424'; this.style.color='#ffffff';\" style=\"border-color:#a52a2a; color:#a52a2a;\" class=\"vc_general vc_btn3 vc_btn3-size-md vc_btn3-shape-rounded vc_btn3-style-outline-custom vc_btn3-icon-right\" href=\"\/es\/equipamentos\/teste-de-corrosao\/modelos-cct-lq-e-cct-gs\/\" title=\"Niebla salina (pulverizaci\u00f3n salina) \u2013 Modelos USC\">+ DETALLES <i class=\"vc_btn3-icon fas fa-angle-right\"><\/i><\/a><\/div><\/div><\/div><\/div><\/div><\/section><div class=\"vc_row-full-width vc_clearfix\"><\/div>\n<\/div>","protected":false},"excerpt":{"rendered":"N\u00e9voa Salina ( Salt Spray ) \u2013 Modelos USC+ DETALHES Umidade Saturada \u2013 Modelos UK+ DETALHES Especiais \u2013 Dimens\u00f5es e T\u00e9cnicas+ DETALHES C\u00edclicos \u2013 Modelos CCT+ DETALHES","protected":false},"author":1,"featured_media":7441,"parent":6701,"menu_order":0,"comment_status":"closed","ping_status":"closed","template":"","meta":{"footnotes":""},"class_list":["post-6282","page","type-page","status-publish","has-post-thumbnail","hentry"],"yoast_head":"<!-- This site is optimized with the Yoast SEO plugin v27.5 - https:\/\/yoast.com\/product\/yoast-seo-wordpress\/ -->\n<title>Corros\u00e3o Acelerada - Bass Equipamentos<\/title>\n<meta name=\"robots\" content=\"index, follow, max-snippet:-1, max-image-preview:large, max-video-preview:-1\" \/>\n<link rel=\"canonical\" href=\"https:\/\/www.bass.com.br\/es\/equipamentos\/teste-de-corrosao\/\" \/>\n<meta property=\"og:locale\" content=\"es_ES\" \/>\n<meta property=\"og:type\" content=\"article\" \/>\n<meta property=\"og:title\" content=\"Corros\u00e3o Acelerada - Bass Equipamentos\" \/>\n<meta property=\"og:url\" content=\"https:\/\/www.bass.com.br\/es\/equipamentos\/teste-de-corrosao\/\" \/>\n<meta property=\"og:site_name\" content=\"Bass Equipamentos\" \/>\n<meta property=\"article:publisher\" content=\"https:\/\/www.facebook.com\/BassEquipamentos\/\" \/>\n<meta property=\"article:modified_time\" content=\"2020-06-10T17:33:18+00:00\" \/>\n<meta property=\"og:image\" content=\"https:\/\/www.bass.com.br\/wp-content\/uploads\/2020\/05\/4a-rusted-reflection-1522963-1.jpg\" \/>\n\t<meta property=\"og:image:width\" content=\"1599\" \/>\n\t<meta property=\"og:image:height\" content=\"1066\" \/>\n\t<meta property=\"og:image:type\" content=\"image\/jpeg\" \/>\n<meta name=\"twitter:card\" content=\"summary_large_image\" \/>\n<meta name=\"twitter:label1\" content=\"Tiempo de lectura\" \/>\n\t<meta name=\"twitter:data1\" content=\"3 minutos\" \/>\n<script type=\"application\/ld+json\" class=\"yoast-schema-graph\">{\"@context\":\"https:\\\/\\\/schema.org\",\"@graph\":[{\"@type\":\"WebPage\",\"@id\":\"https:\\\/\\\/www.bass.com.br\\\/equipamentos\\\/teste-de-corrosao\\\/\",\"url\":\"https:\\\/\\\/www.bass.com.br\\\/equipamentos\\\/teste-de-corrosao\\\/\",\"name\":\"Corros\u00e3o Acelerada - Bass Equipamentos\",\"isPartOf\":{\"@id\":\"https:\\\/\\\/www.bass.com.br\\\/#website\"},\"primaryImageOfPage\":{\"@id\":\"https:\\\/\\\/www.bass.com.br\\\/equipamentos\\\/teste-de-corrosao\\\/#primaryimage\"},\"image\":{\"@id\":\"https:\\\/\\\/www.bass.com.br\\\/equipamentos\\\/teste-de-corrosao\\\/#primaryimage\"},\"thumbnailUrl\":\"https:\\\/\\\/www.bass.com.br\\\/wp-content\\\/uploads\\\/2020\\\/05\\\/4a-rusted-reflection-1522963-1.jpg\",\"datePublished\":\"2018-02-21T05:26:24+00:00\",\"dateModified\":\"2020-06-10T17:33:18+00:00\",\"breadcrumb\":{\"@id\":\"https:\\\/\\\/www.bass.com.br\\\/equipamentos\\\/teste-de-corrosao\\\/#breadcrumb\"},\"inLanguage\":\"es\",\"potentialAction\":[{\"@type\":\"ReadAction\",\"target\":[\"https:\\\/\\\/www.bass.com.br\\\/equipamentos\\\/teste-de-corrosao\\\/\"]}]},{\"@type\":\"ImageObject\",\"inLanguage\":\"es\",\"@id\":\"https:\\\/\\\/www.bass.com.br\\\/equipamentos\\\/teste-de-corrosao\\\/#primaryimage\",\"url\":\"https:\\\/\\\/www.bass.com.br\\\/wp-content\\\/uploads\\\/2020\\\/05\\\/4a-rusted-reflection-1522963-1.jpg\",\"contentUrl\":\"https:\\\/\\\/www.bass.com.br\\\/wp-content\\\/uploads\\\/2020\\\/05\\\/4a-rusted-reflection-1522963-1.jpg\",\"width\":1599,\"height\":1066},{\"@type\":\"BreadcrumbList\",\"@id\":\"https:\\\/\\\/www.bass.com.br\\\/equipamentos\\\/teste-de-corrosao\\\/#breadcrumb\",\"itemListElement\":[{\"@type\":\"ListItem\",\"position\":1,\"name\":\"In\u00edcio\",\"item\":\"https:\\\/\\\/www.bass.com.br\\\/\"},{\"@type\":\"ListItem\",\"position\":2,\"name\":\"C\u00e2maras Ensaio\",\"item\":\"https:\\\/\\\/www.bass.com.br\\\/equipamentos\\\/\"},{\"@type\":\"ListItem\",\"position\":3,\"name\":\"Corros\u00e3o Acelerada\"}]},{\"@type\":\"WebSite\",\"@id\":\"https:\\\/\\\/www.bass.com.br\\\/#website\",\"url\":\"https:\\\/\\\/www.bass.com.br\\\/\",\"name\":\"Bass Equipamentos\",\"description\":\"Qualidade, Durabilidade, Performance e Economia.\",\"publisher\":{\"@id\":\"https:\\\/\\\/www.bass.com.br\\\/#organization\"},\"potentialAction\":[{\"@type\":\"SearchAction\",\"target\":{\"@type\":\"EntryPoint\",\"urlTemplate\":\"https:\\\/\\\/www.bass.com.br\\\/?s={search_term_string}\"},\"query-input\":{\"@type\":\"PropertyValueSpecification\",\"valueRequired\":true,\"valueName\":\"search_term_string\"}}],\"inLanguage\":\"es\"},{\"@type\":\"Organization\",\"@id\":\"https:\\\/\\\/www.bass.com.br\\\/#organization\",\"name\":\"Bass Equipamentos\",\"url\":\"https:\\\/\\\/www.bass.com.br\\\/\",\"logo\":{\"@type\":\"ImageObject\",\"inLanguage\":\"es\",\"@id\":\"https:\\\/\\\/www.bass.com.br\\\/#\\\/schema\\\/logo\\\/image\\\/\",\"url\":\"https:\\\/\\\/www.bass.com.br\\\/wp-content\\\/uploads\\\/2020\\\/04\\\/logo-bass3_site.png\",\"contentUrl\":\"https:\\\/\\\/www.bass.com.br\\\/wp-content\\\/uploads\\\/2020\\\/04\\\/logo-bass3_site.png\",\"width\":800,\"height\":227,\"caption\":\"Bass Equipamentos\"},\"image\":{\"@id\":\"https:\\\/\\\/www.bass.com.br\\\/#\\\/schema\\\/logo\\\/image\\\/\"},\"sameAs\":[\"https:\\\/\\\/www.facebook.com\\\/BassEquipamentos\\\/\",\"https:\\\/\\\/www.instagram.com\\\/bass_equipamentos\\\/\",\"https:\\\/\\\/br.linkedin.com\\\/company\\\/bass-equipamentos-ltda\"]}]}<\/script>\n<!-- \/ Yoast SEO plugin. -->","yoast_head_json":{"title":"Corros\u00e3o Acelerada - Bass Equipamentos","robots":{"index":"index","follow":"follow","max-snippet":"max-snippet:-1","max-image-preview":"max-image-preview:large","max-video-preview":"max-video-preview:-1"},"canonical":"https:\/\/www.bass.com.br\/es\/equipamentos\/teste-de-corrosao\/","og_locale":"es_ES","og_type":"article","og_title":"Corros\u00e3o Acelerada - Bass Equipamentos","og_url":"https:\/\/www.bass.com.br\/es\/equipamentos\/teste-de-corrosao\/","og_site_name":"Bass Equipamentos","article_publisher":"https:\/\/www.facebook.com\/BassEquipamentos\/","article_modified_time":"2020-06-10T17:33:18+00:00","og_image":[{"width":1599,"height":1066,"url":"https:\/\/www.bass.com.br\/wp-content\/uploads\/2020\/05\/4a-rusted-reflection-1522963-1.jpg","type":"image\/jpeg"}],"twitter_card":"summary_large_image","twitter_misc":{"Tiempo de lectura":"3 minutos"},"schema":{"@context":"https:\/\/schema.org","@graph":[{"@type":"WebPage","@id":"https:\/\/www.bass.com.br\/equipamentos\/teste-de-corrosao\/","url":"https:\/\/www.bass.com.br\/equipamentos\/teste-de-corrosao\/","name":"Corros\u00e3o Acelerada - Bass Equipamentos","isPartOf":{"@id":"https:\/\/www.bass.com.br\/#website"},"primaryImageOfPage":{"@id":"https:\/\/www.bass.com.br\/equipamentos\/teste-de-corrosao\/#primaryimage"},"image":{"@id":"https:\/\/www.bass.com.br\/equipamentos\/teste-de-corrosao\/#primaryimage"},"thumbnailUrl":"https:\/\/www.bass.com.br\/wp-content\/uploads\/2020\/05\/4a-rusted-reflection-1522963-1.jpg","datePublished":"2018-02-21T05:26:24+00:00","dateModified":"2020-06-10T17:33:18+00:00","breadcrumb":{"@id":"https:\/\/www.bass.com.br\/equipamentos\/teste-de-corrosao\/#breadcrumb"},"inLanguage":"es","potentialAction":[{"@type":"ReadAction","target":["https:\/\/www.bass.com.br\/equipamentos\/teste-de-corrosao\/"]}]},{"@type":"ImageObject","inLanguage":"es","@id":"https:\/\/www.bass.com.br\/equipamentos\/teste-de-corrosao\/#primaryimage","url":"https:\/\/www.bass.com.br\/wp-content\/uploads\/2020\/05\/4a-rusted-reflection-1522963-1.jpg","contentUrl":"https:\/\/www.bass.com.br\/wp-content\/uploads\/2020\/05\/4a-rusted-reflection-1522963-1.jpg","width":1599,"height":1066},{"@type":"BreadcrumbList","@id":"https:\/\/www.bass.com.br\/equipamentos\/teste-de-corrosao\/#breadcrumb","itemListElement":[{"@type":"ListItem","position":1,"name":"In\u00edcio","item":"https:\/\/www.bass.com.br\/"},{"@type":"ListItem","position":2,"name":"C\u00e2maras Ensaio","item":"https:\/\/www.bass.com.br\/equipamentos\/"},{"@type":"ListItem","position":3,"name":"Corros\u00e3o Acelerada"}]},{"@type":"WebSite","@id":"https:\/\/www.bass.com.br\/#website","url":"https:\/\/www.bass.com.br\/","name":"Bass Equipamentos","description":"Qualidade, Durabilidade, Performance e Economia.","publisher":{"@id":"https:\/\/www.bass.com.br\/#organization"},"potentialAction":[{"@type":"SearchAction","target":{"@type":"EntryPoint","urlTemplate":"https:\/\/www.bass.com.br\/?s={search_term_string}"},"query-input":{"@type":"PropertyValueSpecification","valueRequired":true,"valueName":"search_term_string"}}],"inLanguage":"es"},{"@type":"Organization","@id":"https:\/\/www.bass.com.br\/#organization","name":"Bass Equipamentos","url":"https:\/\/www.bass.com.br\/","logo":{"@type":"ImageObject","inLanguage":"es","@id":"https:\/\/www.bass.com.br\/#\/schema\/logo\/image\/","url":"https:\/\/www.bass.com.br\/wp-content\/uploads\/2020\/04\/logo-bass3_site.png","contentUrl":"https:\/\/www.bass.com.br\/wp-content\/uploads\/2020\/04\/logo-bass3_site.png","width":800,"height":227,"caption":"Bass Equipamentos"},"image":{"@id":"https:\/\/www.bass.com.br\/#\/schema\/logo\/image\/"},"sameAs":["https:\/\/www.facebook.com\/BassEquipamentos\/","https:\/\/www.instagram.com\/bass_equipamentos\/","https:\/\/br.linkedin.com\/company\/bass-equipamentos-ltda"]}]}},"_links":{"self":[{"href":"https:\/\/www.bass.com.br\/es\/wp-json\/wp\/v2\/pages\/6282","targetHints":{"allow":["GET"]}}],"collection":[{"href":"https:\/\/www.bass.com.br\/es\/wp-json\/wp\/v2\/pages"}],"about":[{"href":"https:\/\/www.bass.com.br\/es\/wp-json\/wp\/v2\/types\/page"}],"author":[{"embeddable":true,"href":"https:\/\/www.bass.com.br\/es\/wp-json\/wp\/v2\/users\/1"}],"replies":[{"embeddable":true,"href":"https:\/\/www.bass.com.br\/es\/wp-json\/wp\/v2\/comments?post=6282"}],"version-history":[{"count":10,"href":"https:\/\/www.bass.com.br\/es\/wp-json\/wp\/v2\/pages\/6282\/revisions"}],"predecessor-version":[{"id":7547,"href":"https:\/\/www.bass.com.br\/es\/wp-json\/wp\/v2\/pages\/6282\/revisions\/7547"}],"up":[{"embeddable":true,"href":"https:\/\/www.bass.com.br\/es\/wp-json\/wp\/v2\/pages\/6701"}],"wp:featuredmedia":[{"embeddable":true,"href":"https:\/\/www.bass.com.br\/es\/wp-json\/wp\/v2\/media\/7441"}],"wp:attachment":[{"href":"https:\/\/www.bass.com.br\/es\/wp-json\/wp\/v2\/media?parent=6282"}],"curies":[{"name":"wp","href":"https:\/\/api.w.org\/{rel}","templated":true}]}}