{"id":6701,"date":"2020-03-23T10:03:06","date_gmt":"2020-03-23T13:03:06","guid":{"rendered":"https:\/\/www.bass.com.br?page_id=6701"},"modified":"2020-06-10T14:31:45","modified_gmt":"2020-06-10T17:31:45","slug":"equipamentos","status":"publish","type":"page","link":"https:\/\/www.bass.com.br\/es\/equipamentos\/","title":{"rendered":"C\u00e1maras de prueba"},"content":{"rendered":"<div class=\"wpb-content-wrapper\"><div class=\"vc_row wpb_row vc_row-fluid vc_custom_1585329425758 vc_column-gap-5\"><div class=\"wpb_column vc_column_container vc_col-sm-6 vc_col-has-fill\"><div class=\"vc_column-inner vc_custom_1585329381375\"><div class=\"wpb_wrapper\">\n\t<div class=\"wpb_text_column wpb_content_element\" >\n\t\t<div class=\"wpb_wrapper\">\n\t\t\t<h4 style=\"color: #ffffff; font-size: 35px; font-weight: 100; text-align: center;\">Corrosi\u00f3n acelerada<\/h4>\n\n\t\t<\/div>\n\t<\/div>\n\r<!-- rt-button -->\r<div class=\"rt-button element-one hover-style-two\"  data-button-direction=\"center\" data-button-fullwidth=\"false\" ><a style=\"\" class=\"rt-button-main\" href=\"\/es\/equipamentos\/teste-de-corrosao\/\"  title=\"Teste de Corros\u00e3o\" target=\"_self\"><div class=\"overlay\"><\/div><div class=\"placeholder\">Mais detalhes<\/div><\/a><\/div>\r<!-- rt-button -->\r<\/div><\/div><\/div><div class=\"wpb_column vc_column_container vc_col-sm-6 vc_col-has-fill\"><div class=\"vc_column-inner vc_custom_1585329916848\"><div class=\"wpb_wrapper\">\n\t<div class=\"wpb_text_column wpb_content_element\" >\n\t\t<div class=\"wpb_wrapper\">\n\t\t\t<h4 style=\"color: #ffffff; font-size: 35px; font-weight: 100; text-align: center;\">Meteorizaci\u00f3n acelerada<\/h4>\n\n\t\t<\/div>\n\t<\/div>\n\r<!-- rt-button -->\r<div class=\"rt-button element-one hover-style-two\"  data-button-direction=\"center\" data-button-fullwidth=\"false\" ><a style=\"\" class=\"rt-button-main\" href=\"\/es\/equipamentos\/testes-de-intemperismo-acelerado\/\"  title=\"Teste de Corros\u00e3o\" target=\"_self\"><div class=\"overlay\"><\/div><div class=\"placeholder\">Mais detalhes<\/div><\/a><\/div>\r<!-- rt-button -->\r<\/div><\/div><\/div><\/div><div class=\"vc_row wpb_row vc_row-fluid vc_column-gap-5\"><div class=\"wpb_column vc_column_container vc_col-sm-6 vc_col-has-fill\"><div class=\"vc_column-inner vc_custom_1585329773070\"><div class=\"wpb_wrapper\">\n\t<div class=\"wpb_text_column wpb_content_element\" >\n\t\t<div class=\"wpb_wrapper\">\n\t\t\t<h4 style=\"color: #ffffff; font-size: 35px; font-weight: 100; text-align: center;\">Clima<\/h4>\n\n\t\t<\/div>\n\t<\/div>\n\r<!-- rt-button -->\r<div class=\"rt-button element-one hover-style-two\"  data-button-direction=\"center\" data-button-fullwidth=\"false\" ><a style=\"\" class=\"rt-button-main\" href=\"\/es\/equipamentos\/testes-de-simulacao\/\"  title=\"Teste de Corros\u00e3o\" target=\"_self\"><div class=\"overlay\"><\/div><div class=\"placeholder\">Mais detalhes<\/div><\/a><\/div>\r<!-- rt-button -->\r<\/div><\/div><\/div><div class=\"wpb_column vc_column_container vc_col-sm-6 vc_col-has-fill\"><div class=\"vc_column-inner vc_custom_1585329704915\"><div class=\"wpb_wrapper\">\n\t<div class=\"wpb_text_column wpb_content_element\" >\n\t\t<div class=\"wpb_wrapper\">\n\t\t\t<h4 style=\"color: #ffffff; font-size: 35px; font-weight: 100; text-align: center;\">Otros Simulaci\u00f3n<\/h4>\n\n\t\t<\/div>\n\t<\/div>\n\r<!-- rt-button -->\r<div class=\"rt-button element-one hover-style-two\"  data-button-direction=\"center\" data-button-fullwidth=\"false\" ><a style=\"\" class=\"rt-button-main\" href=\"\/es\/equipamentos\/outros\/\"  title=\"Teste de Corros\u00e3o\" target=\"_self\"><div class=\"overlay\"><\/div><div class=\"placeholder\">Mais detalhes<\/div><\/a><\/div>\r<!-- rt-button -->\r<\/div><\/div><\/div><\/div><div class=\"vc_row wpb_row vc_row-fluid vc_custom_1585329946272 vc_column-gap-5\"><div class=\"wpb_column vc_column_container vc_col-sm-6 vc_col-has-fill\"><div class=\"vc_column-inner vc_custom_1585329773070\"><div class=\"wpb_wrapper\">\n\t<div class=\"wpb_text_column wpb_content_element\" >\n\t\t<div class=\"wpb_wrapper\">\n\t\t\t<h4 style=\"color: #ffffff; font-size: 35px; font-weight: 100; text-align: center;\">Software y Aplicaciones<\/h4>\n\n\t\t<\/div>\n\t<\/div>\n\r<!-- rt-button -->\r<div class=\"rt-button element-one hover-style-two\"  data-button-direction=\"center\" data-button-fullwidth=\"false\" ><a style=\"\" class=\"rt-button-main\" href=\"\/es\/equipamentos\/software-e-aplicativos\/\"  title=\"Software y Aplicaciones\" target=\"_self\"><div class=\"overlay\"><\/div><div class=\"placeholder\">Mais detalhes<\/div><\/a><\/div>\r<!-- rt-button -->\r<\/div><\/div><\/div><div class=\"wpb_column vc_column_container vc_col-sm-6\"><div class=\"vc_column-inner vc_custom_1587579675544\"><div class=\"wpb_wrapper\"><\/div><\/div><\/div><\/div>\n<\/div>","protected":false},"excerpt":{"rendered":"Corros\u00e3o Acelerada Mais detalhes Intemperismo Acelerado Mais detalhes Clim\u00e1ticas Mais detalhes Outros Simula\u00e7\u00e3o Mais detalhes Software e Aplicativos Mais detalhes","protected":false},"author":1,"featured_media":0,"parent":0,"menu_order":0,"comment_status":"closed","ping_status":"closed","template":"","meta":{"footnotes":""},"class_list":["post-6701","page","type-page","status-publish","hentry"],"yoast_head":"<!-- This site is optimized with the Yoast SEO plugin v27.4 - https:\/\/yoast.com\/product\/yoast-seo-wordpress\/ -->\n<title>C\u00e2maras Ensaio - Bass Equipamentos<\/title>\n<meta name=\"robots\" content=\"index, follow, max-snippet:-1, max-image-preview:large, max-video-preview:-1\" \/>\n<link rel=\"canonical\" href=\"https:\/\/www.bass.com.br\/es\/equipamentos\/\" \/>\n<meta property=\"og:locale\" content=\"es_ES\" \/>\n<meta property=\"og:type\" content=\"article\" \/>\n<meta property=\"og:title\" content=\"C\u00e2maras Ensaio - Bass Equipamentos\" \/>\n<meta property=\"og:url\" content=\"https:\/\/www.bass.com.br\/es\/equipamentos\/\" \/>\n<meta property=\"og:site_name\" content=\"Bass Equipamentos\" \/>\n<meta property=\"article:publisher\" content=\"https:\/\/www.facebook.com\/BassEquipamentos\/\" \/>\n<meta property=\"article:modified_time\" content=\"2020-06-10T17:31:45+00:00\" \/>\n<meta name=\"twitter:card\" content=\"summary_large_image\" \/>\n<meta name=\"twitter:label1\" content=\"Tiempo de lectura\" \/>\n\t<meta name=\"twitter:data1\" content=\"2 minutos\" \/>\n<script type=\"application\/ld+json\" class=\"yoast-schema-graph\">{\"@context\":\"https:\\\/\\\/schema.org\",\"@graph\":[{\"@type\":\"WebPage\",\"@id\":\"https:\\\/\\\/www.bass.com.br\\\/equipamentos\\\/\",\"url\":\"https:\\\/\\\/www.bass.com.br\\\/equipamentos\\\/\",\"name\":\"C\u00e2maras Ensaio - Bass Equipamentos\",\"isPartOf\":{\"@id\":\"https:\\\/\\\/www.bass.com.br\\\/#website\"},\"datePublished\":\"2020-03-23T13:03:06+00:00\",\"dateModified\":\"2020-06-10T17:31:45+00:00\",\"breadcrumb\":{\"@id\":\"https:\\\/\\\/www.bass.com.br\\\/equipamentos\\\/#breadcrumb\"},\"inLanguage\":\"es\",\"potentialAction\":[{\"@type\":\"ReadAction\",\"target\":[\"https:\\\/\\\/www.bass.com.br\\\/equipamentos\\\/\"]}]},{\"@type\":\"BreadcrumbList\",\"@id\":\"https:\\\/\\\/www.bass.com.br\\\/equipamentos\\\/#breadcrumb\",\"itemListElement\":[{\"@type\":\"ListItem\",\"position\":1,\"name\":\"In\u00edcio\",\"item\":\"https:\\\/\\\/www.bass.com.br\\\/\"},{\"@type\":\"ListItem\",\"position\":2,\"name\":\"C\u00e2maras Ensaio\"}]},{\"@type\":\"WebSite\",\"@id\":\"https:\\\/\\\/www.bass.com.br\\\/#website\",\"url\":\"https:\\\/\\\/www.bass.com.br\\\/\",\"name\":\"Bass Equipamentos\",\"description\":\"Qualidade, Durabilidade, Performance e Economia.\",\"publisher\":{\"@id\":\"https:\\\/\\\/www.bass.com.br\\\/#organization\"},\"potentialAction\":[{\"@type\":\"SearchAction\",\"target\":{\"@type\":\"EntryPoint\",\"urlTemplate\":\"https:\\\/\\\/www.bass.com.br\\\/?s={search_term_string}\"},\"query-input\":{\"@type\":\"PropertyValueSpecification\",\"valueRequired\":true,\"valueName\":\"search_term_string\"}}],\"inLanguage\":\"es\"},{\"@type\":\"Organization\",\"@id\":\"https:\\\/\\\/www.bass.com.br\\\/#organization\",\"name\":\"Bass Equipamentos\",\"url\":\"https:\\\/\\\/www.bass.com.br\\\/\",\"logo\":{\"@type\":\"ImageObject\",\"inLanguage\":\"es\",\"@id\":\"https:\\\/\\\/www.bass.com.br\\\/#\\\/schema\\\/logo\\\/image\\\/\",\"url\":\"https:\\\/\\\/www.bass.com.br\\\/wp-content\\\/uploads\\\/2020\\\/04\\\/logo-bass3_site.png\",\"contentUrl\":\"https:\\\/\\\/www.bass.com.br\\\/wp-content\\\/uploads\\\/2020\\\/04\\\/logo-bass3_site.png\",\"width\":800,\"height\":227,\"caption\":\"Bass Equipamentos\"},\"image\":{\"@id\":\"https:\\\/\\\/www.bass.com.br\\\/#\\\/schema\\\/logo\\\/image\\\/\"},\"sameAs\":[\"https:\\\/\\\/www.facebook.com\\\/BassEquipamentos\\\/\",\"https:\\\/\\\/www.instagram.com\\\/bass_equipamentos\\\/\",\"https:\\\/\\\/br.linkedin.com\\\/company\\\/bass-equipamentos-ltda\"]}]}<\/script>\n<!-- \/ Yoast SEO plugin. -->","yoast_head_json":{"title":"C\u00e2maras Ensaio - Bass Equipamentos","robots":{"index":"index","follow":"follow","max-snippet":"max-snippet:-1","max-image-preview":"max-image-preview:large","max-video-preview":"max-video-preview:-1"},"canonical":"https:\/\/www.bass.com.br\/es\/equipamentos\/","og_locale":"es_ES","og_type":"article","og_title":"C\u00e2maras Ensaio - Bass Equipamentos","og_url":"https:\/\/www.bass.com.br\/es\/equipamentos\/","og_site_name":"Bass Equipamentos","article_publisher":"https:\/\/www.facebook.com\/BassEquipamentos\/","article_modified_time":"2020-06-10T17:31:45+00:00","twitter_card":"summary_large_image","twitter_misc":{"Tiempo de lectura":"2 minutos"},"schema":{"@context":"https:\/\/schema.org","@graph":[{"@type":"WebPage","@id":"https:\/\/www.bass.com.br\/equipamentos\/","url":"https:\/\/www.bass.com.br\/equipamentos\/","name":"C\u00e2maras Ensaio - Bass Equipamentos","isPartOf":{"@id":"https:\/\/www.bass.com.br\/#website"},"datePublished":"2020-03-23T13:03:06+00:00","dateModified":"2020-06-10T17:31:45+00:00","breadcrumb":{"@id":"https:\/\/www.bass.com.br\/equipamentos\/#breadcrumb"},"inLanguage":"es","potentialAction":[{"@type":"ReadAction","target":["https:\/\/www.bass.com.br\/equipamentos\/"]}]},{"@type":"BreadcrumbList","@id":"https:\/\/www.bass.com.br\/equipamentos\/#breadcrumb","itemListElement":[{"@type":"ListItem","position":1,"name":"In\u00edcio","item":"https:\/\/www.bass.com.br\/"},{"@type":"ListItem","position":2,"name":"C\u00e2maras Ensaio"}]},{"@type":"WebSite","@id":"https:\/\/www.bass.com.br\/#website","url":"https:\/\/www.bass.com.br\/","name":"Bass Equipamentos","description":"Qualidade, Durabilidade, Performance e Economia.","publisher":{"@id":"https:\/\/www.bass.com.br\/#organization"},"potentialAction":[{"@type":"SearchAction","target":{"@type":"EntryPoint","urlTemplate":"https:\/\/www.bass.com.br\/?s={search_term_string}"},"query-input":{"@type":"PropertyValueSpecification","valueRequired":true,"valueName":"search_term_string"}}],"inLanguage":"es"},{"@type":"Organization","@id":"https:\/\/www.bass.com.br\/#organization","name":"Bass Equipamentos","url":"https:\/\/www.bass.com.br\/","logo":{"@type":"ImageObject","inLanguage":"es","@id":"https:\/\/www.bass.com.br\/#\/schema\/logo\/image\/","url":"https:\/\/www.bass.com.br\/wp-content\/uploads\/2020\/04\/logo-bass3_site.png","contentUrl":"https:\/\/www.bass.com.br\/wp-content\/uploads\/2020\/04\/logo-bass3_site.png","width":800,"height":227,"caption":"Bass Equipamentos"},"image":{"@id":"https:\/\/www.bass.com.br\/#\/schema\/logo\/image\/"},"sameAs":["https:\/\/www.facebook.com\/BassEquipamentos\/","https:\/\/www.instagram.com\/bass_equipamentos\/","https:\/\/br.linkedin.com\/company\/bass-equipamentos-ltda"]}]}},"_links":{"self":[{"href":"https:\/\/www.bass.com.br\/es\/wp-json\/wp\/v2\/pages\/6701","targetHints":{"allow":["GET"]}}],"collection":[{"href":"https:\/\/www.bass.com.br\/es\/wp-json\/wp\/v2\/pages"}],"about":[{"href":"https:\/\/www.bass.com.br\/es\/wp-json\/wp\/v2\/types\/page"}],"author":[{"embeddable":true,"href":"https:\/\/www.bass.com.br\/es\/wp-json\/wp\/v2\/users\/1"}],"replies":[{"embeddable":true,"href":"https:\/\/www.bass.com.br\/es\/wp-json\/wp\/v2\/comments?post=6701"}],"version-history":[{"count":9,"href":"https:\/\/www.bass.com.br\/es\/wp-json\/wp\/v2\/pages\/6701\/revisions"}],"predecessor-version":[{"id":7545,"href":"https:\/\/www.bass.com.br\/es\/wp-json\/wp\/v2\/pages\/6701\/revisions\/7545"}],"wp:attachment":[{"href":"https:\/\/www.bass.com.br\/es\/wp-json\/wp\/v2\/media?parent=6701"}],"curies":[{"name":"wp","href":"https:\/\/api.w.org\/{rel}","templated":true}]}}