{"id":6746,"date":"2020-03-23T10:14:45","date_gmt":"2020-03-23T13:14:45","guid":{"rendered":"https:\/\/www.bass.com.br?page_id=6746"},"modified":"2020-06-10T14:42:07","modified_gmt":"2020-06-10T17:42:07","slug":"modelos-cct-lq-e-cct-gs","status":"publish","type":"page","link":"https:\/\/www.bass.com.br\/es\/equipamentos\/teste-de-corrosao\/modelos-cct-lq-e-cct-gs\/","title":{"rendered":"C\u00edclico \u2013 Modelos CCT"},"content":{"rendered":"<div class=\"wpb-content-wrapper\"><section data-vc-full-width=\"true\" data-vc-full-width-init=\"false\" class=\"vc_section vc_custom_1519198247869\"><div data-vc-full-width=\"true\" data-vc-full-width-init=\"false\" class=\"vc_row wpb_row vc_row-fluid vc_custom_1519191954575\"><div class=\"wpb_column vc_column_container vc_col-sm-3 vc_hidden-xs\"><div class=\"vc_column-inner\"><div class=\"wpb_wrapper\"><div  class=\"wpb_widgetised_column wpb_content_element\">\n\t\t<div class=\"wpb_wrapper\">\n\t\t\t\n\t\t\t<section id=\"nav_menu-18\" class=\"widget widget_nav_menu\"><h2 class=\"widget-title\">Corrosi\u00f3n acelerada<\/h2><div class=\"menu-camaras-ensaio-corrosao-acelerada-container\"><ul id=\"menu-camaras-ensaio-corrosao-acelerada\" class=\"menu rt-mega-menu-transition-default\"><li id=\"menu-item-6822\" class=\"menu-item menu-item-type-post_type menu-item-object-page menu-flyout rt-mega-menu-hover item-6822\"><a  href=\"https:\/\/www.bass.com.br\/es\/equipamentos\/teste-de-corrosao\/modelos-usc\/\">Niebla salina (pulverizaci\u00f3n salina) \u2013 Modelos USC<\/a><\/li>\n<li id=\"menu-item-6821\" class=\"menu-item menu-item-type-post_type menu-item-object-page menu-flyout rt-mega-menu-hover item-6821\"><a  href=\"https:\/\/www.bass.com.br\/es\/equipamentos\/teste-de-corrosao\/modelos-uk\/\">Humedad saturada: modelos del Reino Unido<\/a><\/li>\n<li id=\"menu-item-6820\" class=\"menu-item menu-item-type-post_type menu-item-object-page menu-flyout rt-mega-menu-hover item-6820\"><a  href=\"https:\/\/www.bass.com.br\/es\/equipamentos\/teste-de-corrosao\/modelos-cct-lq-e-cct-gs\/\">C\u00edclico \u2013 Modelos CCT<\/a><\/li>\n<li id=\"menu-item-6819\" class=\"menu-item menu-item-type-post_type menu-item-object-page menu-flyout rt-mega-menu-hover item-6819\"><a  href=\"https:\/\/www.bass.com.br\/es\/equipamentos\/teste-de-corrosao\/custom-designed-series\/\">Especiales \u2013 Dimensiones y Caracter\u00edsticas T\u00e9cnicas<\/a><\/li>\n<\/ul><\/div><\/section><section id=\"nav_menu-21\" class=\"widget widget_nav_menu\"><h2 class=\"widget-title\">Meteorizaci\u00f3n acelerada<\/h2><div class=\"menu-camaras-ensaio-intemperismo-acelerado-container\"><ul id=\"menu-camaras-ensaio-intemperismo-acelerado\" class=\"menu rt-mega-menu-transition-default\"><li id=\"menu-item-7262\" class=\"menu-item menu-item-type-post_type menu-item-object-page menu-flyout rt-mega-menu-hover item-7262\"><a  href=\"https:\/\/www.bass.com.br\/es\/equipamentos\/testes-de-intemperismo-acelerado\/uux-intemperismo-acelerado-por-luz-xenonio\/\">Luz de xen\u00f3n \u2013 modelos UUX<\/a><\/li>\n<li id=\"menu-item-7263\" class=\"menu-item menu-item-type-post_type menu-item-object-page menu-flyout rt-mega-menu-hover item-7263\"><a  href=\"https:\/\/www.bass.com.br\/es\/equipamentos\/testes-de-intemperismo-acelerado\/ultravioleta-modelos-uuv\/\">Ultravioleta \u2013 Modelos UUV<\/a><\/li>\n<\/ul><\/div><\/section><section id=\"nav_menu-19\" class=\"widget widget_nav_menu\"><h2 class=\"widget-title\">Clima<\/h2><div class=\"menu-camaras-ensaio-climaticas-container\"><ul id=\"menu-camaras-ensaio-climaticas\" class=\"menu rt-mega-menu-transition-default\"><li id=\"menu-item-7265\" class=\"menu-item menu-item-type-post_type menu-item-object-page menu-flyout rt-mega-menu-hover item-7265\"><a  href=\"https:\/\/www.bass.com.br\/es\/equipamentos\/testes-de-simulacao\/uuc-temperatura-umidade-controladas\/\">Continuo (estado estable) \u2013 Modelos UUC<\/a><\/li>\n<li id=\"menu-item-7266\" class=\"menu-item menu-item-type-post_type menu-item-object-page menu-flyout rt-mega-menu-hover item-7266\"><a  href=\"https:\/\/www.bass.com.br\/es\/equipamentos\/testes-de-simulacao\/ciclo-termico\/\">Ciclo T\u00e9rmico<\/a><\/li>\n<\/ul><\/div><\/section><section id=\"nav_menu-20\" class=\"widget widget_nav_menu\"><h2 class=\"widget-title\">Otros Simulaci\u00f3n<\/h2><div class=\"menu-camaras-ensaio-outros-simulacao-container\"><ul id=\"menu-camaras-ensaio-outros-simulacao\" class=\"menu rt-mega-menu-transition-default\"><li id=\"menu-item-7264\" class=\"menu-item menu-item-type-post_type menu-item-object-page menu-flyout rt-mega-menu-hover item-7264\"><a  href=\"https:\/\/www.bass.com.br\/es\/equipamentos\/testes-de-simulacao\/gravelometro-modelo-ug\/\">Impacto de piedra\/disparo \u2013 Gravel\u00f3metro Modelo UG<\/a><\/li>\n<li id=\"menu-item-6815\" class=\"menu-item menu-item-type-post_type menu-item-object-page menu-flyout rt-mega-menu-hover item-6815\"><a  href=\"https:\/\/www.bass.com.br\/es\/equipamentos\/outros\/udust-permeabilidade-a-poeira\/\">Permeabilidade a Poeira &#8211; Modelo UDust<\/a><\/li>\n<li id=\"menu-item-6816\" class=\"menu-item menu-item-type-post_type menu-item-object-page menu-flyout rt-mega-menu-hover item-6816\"><a  href=\"https:\/\/www.bass.com.br\/es\/equipamentos\/outros\/urain-permeabilidade-agua\/\">Permeabilidade \u00c1gua &#8211; Modelo URain<\/a><\/li>\n<\/ul><\/div><\/section><section id=\"nav_menu-25\" class=\"widget widget_nav_menu\"><h2 class=\"widget-title\">Software y Aplicaciones<\/h2><div class=\"menu-camaras-ensaio-software-e-aplicativos-container\"><ul id=\"menu-camaras-ensaio-software-e-aplicativos\" class=\"menu rt-mega-menu-transition-default\"><li id=\"menu-item-7267\" class=\"menu-item menu-item-type-post_type menu-item-object-page menu-flyout rt-mega-menu-hover item-7267\"><a  href=\"https:\/\/www.bass.com.br\/es\/equipamentos\/software-e-aplicativos\/basstrek\/\">Basstrek<\/a><\/li>\n<\/ul><\/div><\/section><section id=\"text-2\" class=\"widget widget_text\"><h2 class=\"widget-title\">Newsletter<\/h2>\t\t\t<div class=\"textwidget\"><p><script>(function() {\n\twindow.mc4wp = window.mc4wp || {\n\t\tlisteners: [],\n\t\tforms: {\n\t\t\ton: function(evt, cb) {\n\t\t\t\twindow.mc4wp.listeners.push(\n\t\t\t\t\t{\n\t\t\t\t\t\tevent   : evt,\n\t\t\t\t\t\tcallback: cb\n\t\t\t\t\t}\n\t\t\t\t);\n\t\t\t}\n\t\t}\n\t}\n})();\n<\/script><!-- Mailchimp for WordPress v4.12.1 - https:\/\/wordpress.org\/plugins\/mailchimp-for-wp\/ --><\/p>\n<form id=\"mc4wp-form-1\" class=\"mc4wp-form mc4wp-form-287\" method=\"post\" data-id=\"287\" data-name=\"Mailchimp\" action=\"\" >\n<div class=\"mc4wp-form-fields\"><input style=\"margin-top:10px;\" class=\"newsletterform\" type=\"text\" name=\"NAME\" placeholder=\"Nombre\" required \/><br \/>\n<input class=\"newsletterform\" type=\"email\" name=\"Email\" placeholder=\"Correo electr\u00f3nico\" required \/><\/p>\n<p><center><button type=\"submit\"><br \/>\nEscribir<br \/>\n<\/button><\/center>\n<\/div>\n<p><label style=\"display: none !important;\">Deja vac\u00edo este campo si eres humano: <input type=\"text\" name=\"_mc4wp_honeypot\" value=\"\" tabindex=\"-1\" autocomplete=\"off\" \/><\/label><input type=\"hidden\" name=\"_mc4wp_timestamp\" value=\"1775353626\" \/><input type=\"hidden\" name=\"_mc4wp_form_id\" value=\"287\" \/><input type=\"hidden\" name=\"_mc4wp_form_element_id\" value=\"mc4wp-form-1\" \/><\/p>\n<div class=\"mc4wp-response\"><\/div>\n<input type=\"hidden\" name=\"trp-form-language\" value=\"es\"\/><\/form>\n<p><!-- \/ Mailchimp for WordPress Plugin --><\/p>\n<\/div>\n\t\t<\/section>\n\t\t<\/div>\n\t<\/div>\n<\/div><\/div><\/div><div class=\"wpb_column vc_column_container vc_col-sm-9\"><div class=\"vc_column-inner vc_custom_1519191969183\"><div class=\"wpb_wrapper\"><h2 style=\"font-size: 36px;text-align: center\" class=\"vc_custom_heading vc_do_custom_heading vc_custom_1588251022680\" >C\u00edclico \u2013 Modelos CCT<\/h2>\n\t<div class=\"wpb_text_column wpb_content_element vc_custom_1589228170294\" >\n\t\t<div class=\"wpb_wrapper\">\n\t\t\t<p><strong>Permiten fases programables en cualquier secuencia de:<\/strong><\/p>\n\n\t\t<\/div>\n\t<\/div>\n<div class=\"vc_row wpb_row vc_inner vc_row-fluid vc_custom_1589228398508 vc_row-has-fill\"><div class=\"wpb_column vc_column_container vc_col-sm-4 vc_col-has-fill\"><div class=\"vc_column-inner vc_custom_1589228415732\"><div class=\"wpb_wrapper\">\n\t<div class=\"wpb_text_column wpb_content_element\" >\n\t\t<div class=\"wpb_wrapper\">\n\t\t\t<p style=\"text-align: center;\"><strong>Niebla salina (spray de niebla salina)<\/strong><\/p>\n<p style=\"text-align: center;\"><strong>Secado Natural<\/strong><\/p>\n<p style=\"text-align: center;\"><strong>Swaat<\/strong><\/p>\n<p style=\"text-align: center;\"><strong>Arroyos mediante boquillas de voladura*<\/strong><\/p>\n\n\t\t<\/div>\n\t<\/div>\n<\/div><\/div><\/div><div class=\"wpb_column vc_column_container vc_col-sm-4\"><div class=\"vc_column-inner\"><div class=\"wpb_wrapper\">\n\t<div class=\"wpb_text_column wpb_content_element vc_custom_1589228532986\" >\n\t\t<div class=\"wpb_wrapper\">\n\t\t\t<p style=\"text-align: center;\"><strong>Humedad saturada\u00a0<\/strong><span style=\"font-size: 10px;\">(Condensaci\u00f3n)<\/span><\/p>\n<p style=\"text-align: center;\"><strong>Descansar<\/strong><\/p>\n<p style=\"text-align: center;\"><strong>Prohesion<\/strong><\/p>\n<p style=\"text-align: center;\" class=\"translation-block\"><strong>Pruebas automotrices<\/strong><span style=\"font-size: 10px\"> espec\u00edficas*<\/span><\/p>\n\n\t\t<\/div>\n\t<\/div>\n<\/div><\/div><\/div><div class=\"wpb_column vc_column_container vc_col-sm-4\"><div class=\"vc_column-inner\"><div class=\"wpb_wrapper\">\n\t<div class=\"wpb_text_column wpb_content_element\" >\n\t\t<div class=\"wpb_wrapper\">\n\t\t\t<p style=\"text-align: center;\"><strong>Secado por flujo de aire<\/strong><\/p>\n<p style=\"text-align: center;\"><strong>Humedad controlada*<\/strong><\/p>\n<p style=\"text-align: center;\"><strong>Humedad saturada\u00a0Niebla de agua*<\/strong><\/p>\n<p style=\"text-align: center;\"><strong>Opciones espec\u00edficas*<\/strong><\/p>\n\n\t\t<\/div>\n\t<\/div>\n<\/div><\/div><\/div><\/div><div class=\"vc_row wpb_row vc_inner vc_row-fluid\"><div class=\"wpb_column vc_column_container vc_col-sm-6\"><div class=\"vc_column-inner\"><div class=\"wpb_wrapper\">\n\t<div class=\"wpb_raw_code wpb_raw_html wpb_content_element\" >\n\t\t<div class=\"wpb_wrapper\">\n\t\t\t<style type=\"text\/css\">\n.tg  {border-collapse:collapse;border-spacing:0; width:100%;}\n.tg td{font-family:Arial, sans-serif;font-size:14px;padding:10px 5px;border-style:solid;border-width:1px;overflow:hidden;word-break:normal;border-color:black;}\n.tg th{font-family:Arial, sans-serif;font-size:14px;font-weight:normal;padding:10px 5px;border-style:solid;border-width:1px;overflow:hidden;word-break:normal;border-color:black;}\n.tg .tg-kftd{background-color:#efefef;text-align:left;vertical-align:top}\n.tg .tg-a306{background-color:#333333;color:#ffffff;border-color:#343434;text-align:left;vertical-align:top}\n.tg .tg-0lax{text-align:left;vertical-align:top}\n<\/style>\n<table class=\"tg\">\n  <tr>\n    <th class=\"tg-a306\">PRUEBAS C\u00cdCLICAS<\/th>\n  <\/tr>\n  <tr>\n    <td class=\"tg-kftd\">Prohesion<\/td>\n  <\/tr>\n  <tr>\n    <td class=\"tg-0lax\">Swaat<\/td>\n  <\/tr>\n  <tr>\n    <td class=\"tg-kftd\">SAE J 2334<\/td>\n  <\/tr>\n  <tr>\n    <td class=\"tg-0lax\">ASTM \u2013 G 85<\/td>\n  <\/tr>\n  <tr>\n    <td class=\"tg-kftd\">ISO 6270<\/td>\n  <\/tr>\n  <tr>\n    <td class=\"tg-0lax\">ISO 11997<\/td>\n  <\/tr>\n  <tr>\n    <td class=\"tg-kftd\">VW PV 1210<\/td>\n  <\/tr>\n  <tr>\n    <td class=\"tg-0lax\">GMW 14872<\/td>\n  <\/tr>\n  <tr>\n    <td class=\"tg-0lax\">RENAULT ECC1 D17-2028B<\/td>\n  <\/tr>\n  <tr>\n    <td class=\"tg-0lax\">FORD CETP 00.00-L-467<\/td>\n  <\/tr>\n  <tr>\n    <td class=\"tg-0lax\">FORD BI 123-03<\/td>\n  <\/tr>\n  <tr>\n    <td class=\"tg-0lax\">TOYOTA TSH 1555G<\/td>\n  <\/tr>\n  <tr>\n    <td class=\"tg-0lax\">FIAT 50493<\/td>\n  <\/tr>\n  <tr>\n    <td class=\"tg-0lax\">Volvo STD 1027<\/td>\n  <\/tr>\n  <tr>\n    <td class=\"tg-0lax\">SCANIA STD 4233<\/td>\n  <\/tr>\n<\/table>\n\t\t<\/div>\n\t<\/div>\n<\/div><\/div><\/div><div class=\"wpb_column vc_column_container vc_col-sm-6\"><div class=\"vc_column-inner\"><div class=\"wpb_wrapper\">\n\t<div  class=\"wpb_single_image wpb_content_element vc_align_left wpb_content_element\">\n\t\t\n\t\t<figure class=\"wpb_wrapper vc_figure\">\n\t\t\t<div class=\"vc_single_image-wrapper   vc_box_border_grey\"><img fetchpriority=\"high\" decoding=\"async\" width=\"1920\" height=\"2560\" src=\"https:\/\/www.bass.com.br\/wp-content\/uploads\/2020\/05\/8b-20161124_111622.jpg\" class=\"vc_single_image-img attachment-full\" alt=\"\" title=\"8b - 20161124_111622\" srcset=\"https:\/\/www.bass.com.br\/wp-content\/uploads\/2020\/05\/8b-20161124_111622.jpg 1920w, https:\/\/www.bass.com.br\/wp-content\/uploads\/2020\/05\/8b-20161124_111622-225x300.jpg 225w, https:\/\/www.bass.com.br\/wp-content\/uploads\/2020\/05\/8b-20161124_111622-768x1024.jpg 768w, https:\/\/www.bass.com.br\/wp-content\/uploads\/2020\/05\/8b-20161124_111622-1152x1536.jpg 1152w, https:\/\/www.bass.com.br\/wp-content\/uploads\/2020\/05\/8b-20161124_111622-1536x2048.jpg 1536w\" sizes=\"(max-width: 1920px) 100vw, 1920px\" \/><\/div>\n\t\t<\/figure>\n\t<\/div>\n<\/div><\/div><\/div><\/div>\n\t<div class=\"wpb_text_column wpb_content_element\" >\n\t\t<div class=\"wpb_wrapper\">\n\t\t\t<p style=\"text-align: justify;\"><strong>Caracter\u00edsticas<\/strong> :<\/p>\n<ul style=\"text-align: justify;\">\n<li>Construido con materiales altamente resistentes a la corrosi\u00f3n.<\/li>\n<li>(fibra de vidrio y acero inoxidable) permitiendo una larga vida \u00fatil.<\/li>\n<li>Microprocesador y controles neum\u00e1ticos centralizados en el panel frontal.<\/li>\n<li>Torre de distribuci\u00f3n de niebla lateral seg\u00fan normativa que permite el aprovechamiento completo de toda el \u00e1rea \u00fatil para ensayos.<\/li>\n<\/ul>\n<p style=\"text-align: justify;\">Equipos altamente reconocidos por la calidad de su construcci\u00f3n, facilidad de operaci\u00f3n y mantenimiento, durabilidad y costos m\u00e1s ventajosos.<\/p>\n<p style=\"text-align: justify;\">Aprobado mediante certificados de calibraci\u00f3n de las condiciones internas de la c\u00e1mara, para acreditar el cumplimiento de las condiciones de variaci\u00f3n y distribuci\u00f3n de temperaturas en todo el volumen de la c\u00e1mara (seg\u00fan procedimiento INMETRO), la distribuci\u00f3n homog\u00e9nea de la niebla y el grado de corrosividad.<\/p>\n\n\t\t<\/div>\n\t<\/div>\n\n\t<div class=\"wpb_text_column wpb_content_element\" >\n\t\t<div class=\"wpb_wrapper\">\n\t\t\t<p><strong>Los m\u00e1s completos servicios de garant\u00eda y postventa.<\/strong><\/p>\n<p>Disponible en versiones <strong>CCT-LQ e CCT-GS<\/strong>.<\/p>\n\n\t\t<\/div>\n\t<\/div>\n<div class=\"vc_empty_space\"   style=\"height: 32px\"><span class=\"vc_empty_space_inner\"><\/span><\/div><style>.vc_btn3-style-gradient-custom.vc_btn-gradient-btn-69d1bf1acb208:hover{color: #ffffff;background-color: #8e2323;border: none;background-position: 100% 0;}<\/style><style>.vc_btn3-style-gradient-custom.vc_btn-gradient-btn-69d1bf1acb208{color: #ffffff;border: none;background-color: #a52a2a;background-image: -webkit-linear-gradient(left, #a52a2a 0%, #8e2323 50%,#a52a2a 100%);background-image: linear-gradient(to right, #a52a2a 0%, #8e2323 50%,#a52a2a 100%);-webkit-transition: all .2s ease-in-out;transition: all .2s ease-in-out;background-size: 200% 100%;}<\/style><div class=\"vc_btn3-container vc_btn3-center vc_do_btn\" ><a data-vc-gradient-1=\"#a52a2a\" data-vc-gradient-2=\"#8e2323\" class=\"vc_general vc_btn3 vc_btn3-size-lg vc_btn3-shape-rounded vc_btn3-style-gradient-custom vc_btn3-block vc_btn3-icon-right vc_btn-gradient-btn-69d1bf1acb208\" href=\"\/es\/contato\/\" title=\"Contacto\">SOLICITAR FICHA T\u00c9CNICA <i class=\"vc_btn3-icon far fa-envelope\"><\/i><\/a><\/div><\/div><\/div><\/div><\/div><div class=\"vc_row-full-width vc_clearfix\"><\/div><\/section><div class=\"vc_row-full-width vc_clearfix\"><\/div>\n<\/div>","protected":false},"excerpt":{"rendered":"Corros\u00e3o AceleradaN\u00e9voa Salina ( Salt Spray ) \u2013 Modelos USC Umidade Saturada \u2013 Modelos UK C\u00edclicos \u2013 Modelos CCT Especiais \u2013 Dimens\u00f5es e Caracter\u00edsticas T\u00e9cnicas Intemperismo AceleradoLuz X\u00eanon \u2013 Modelos UUX Ultravioleta \u2013 Modelos UUV Clim\u00e1ticasCont\u00ednuas (Steady State) \u2013 Modelos UUC Ciclo T\u00e9rmico Outros Simula\u00e7\u00e3oBatida Pedra \/ Granalha \u2013 Modelo Gravel\u00f4metro UG Permeabilidade a Poeira [...]","protected":false},"author":1,"featured_media":0,"parent":6282,"menu_order":0,"comment_status":"closed","ping_status":"closed","template":"","meta":{"footnotes":""},"class_list":["post-6746","page","type-page","status-publish","hentry"],"yoast_head":"<!-- This site is optimized with the Yoast SEO plugin v27.3 - https:\/\/yoast.com\/product\/yoast-seo-wordpress\/ -->\n<title>C\u00edclicos \u2013 Modelos CCT - Bass Equipamentos<\/title>\n<meta name=\"robots\" content=\"index, follow, max-snippet:-1, max-image-preview:large, max-video-preview:-1\" \/>\n<link rel=\"canonical\" href=\"https:\/\/www.bass.com.br\/es\/equipamentos\/teste-de-corrosao\/modelos-cct-lq-e-cct-gs\/\" \/>\n<meta property=\"og:locale\" content=\"es_ES\" \/>\n<meta property=\"og:type\" content=\"article\" \/>\n<meta property=\"og:title\" content=\"C\u00edclicos \u2013 Modelos CCT - Bass Equipamentos\" \/>\n<meta property=\"og:url\" content=\"https:\/\/www.bass.com.br\/es\/equipamentos\/teste-de-corrosao\/modelos-cct-lq-e-cct-gs\/\" \/>\n<meta property=\"og:site_name\" content=\"Bass Equipamentos\" \/>\n<meta property=\"article:publisher\" content=\"https:\/\/www.facebook.com\/BassEquipamentos\/\" \/>\n<meta property=\"article:modified_time\" content=\"2020-06-10T17:42:07+00:00\" \/>\n<meta name=\"twitter:card\" content=\"summary_large_image\" \/>\n<meta name=\"twitter:label1\" content=\"Tiempo de lectura\" \/>\n\t<meta name=\"twitter:data1\" content=\"4 minutos\" \/>\n<script type=\"application\/ld+json\" class=\"yoast-schema-graph\">{\"@context\":\"https:\\\/\\\/schema.org\",\"@graph\":[{\"@type\":\"WebPage\",\"@id\":\"https:\\\/\\\/www.bass.com.br\\\/equipamentos\\\/teste-de-corrosao\\\/modelos-cct-lq-e-cct-gs\\\/\",\"url\":\"https:\\\/\\\/www.bass.com.br\\\/equipamentos\\\/teste-de-corrosao\\\/modelos-cct-lq-e-cct-gs\\\/\",\"name\":\"C\u00edclicos \u2013 Modelos CCT - Bass Equipamentos\",\"isPartOf\":{\"@id\":\"https:\\\/\\\/www.bass.com.br\\\/#website\"},\"datePublished\":\"2020-03-23T13:14:45+00:00\",\"dateModified\":\"2020-06-10T17:42:07+00:00\",\"breadcrumb\":{\"@id\":\"https:\\\/\\\/www.bass.com.br\\\/equipamentos\\\/teste-de-corrosao\\\/modelos-cct-lq-e-cct-gs\\\/#breadcrumb\"},\"inLanguage\":\"es\",\"potentialAction\":[{\"@type\":\"ReadAction\",\"target\":[\"https:\\\/\\\/www.bass.com.br\\\/equipamentos\\\/teste-de-corrosao\\\/modelos-cct-lq-e-cct-gs\\\/\"]}]},{\"@type\":\"BreadcrumbList\",\"@id\":\"https:\\\/\\\/www.bass.com.br\\\/equipamentos\\\/teste-de-corrosao\\\/modelos-cct-lq-e-cct-gs\\\/#breadcrumb\",\"itemListElement\":[{\"@type\":\"ListItem\",\"position\":1,\"name\":\"In\u00edcio\",\"item\":\"https:\\\/\\\/www.bass.com.br\\\/\"},{\"@type\":\"ListItem\",\"position\":2,\"name\":\"C\u00e2maras Ensaio\",\"item\":\"https:\\\/\\\/www.bass.com.br\\\/equipamentos\\\/\"},{\"@type\":\"ListItem\",\"position\":3,\"name\":\"Corros\u00e3o Acelerada\",\"item\":\"https:\\\/\\\/www.bass.com.br\\\/equipamentos\\\/teste-de-corrosao\\\/\"},{\"@type\":\"ListItem\",\"position\":4,\"name\":\"C\u00edclicos \u2013 Modelos CCT\"}]},{\"@type\":\"WebSite\",\"@id\":\"https:\\\/\\\/www.bass.com.br\\\/#website\",\"url\":\"https:\\\/\\\/www.bass.com.br\\\/\",\"name\":\"Bass Equipamentos\",\"description\":\"Qualidade, Durabilidade, Performance e Economia.\",\"publisher\":{\"@id\":\"https:\\\/\\\/www.bass.com.br\\\/#organization\"},\"potentialAction\":[{\"@type\":\"SearchAction\",\"target\":{\"@type\":\"EntryPoint\",\"urlTemplate\":\"https:\\\/\\\/www.bass.com.br\\\/?s={search_term_string}\"},\"query-input\":{\"@type\":\"PropertyValueSpecification\",\"valueRequired\":true,\"valueName\":\"search_term_string\"}}],\"inLanguage\":\"es\"},{\"@type\":\"Organization\",\"@id\":\"https:\\\/\\\/www.bass.com.br\\\/#organization\",\"name\":\"Bass Equipamentos\",\"url\":\"https:\\\/\\\/www.bass.com.br\\\/\",\"logo\":{\"@type\":\"ImageObject\",\"inLanguage\":\"es\",\"@id\":\"https:\\\/\\\/www.bass.com.br\\\/#\\\/schema\\\/logo\\\/image\\\/\",\"url\":\"https:\\\/\\\/www.bass.com.br\\\/wp-content\\\/uploads\\\/2020\\\/04\\\/logo-bass3_site.png\",\"contentUrl\":\"https:\\\/\\\/www.bass.com.br\\\/wp-content\\\/uploads\\\/2020\\\/04\\\/logo-bass3_site.png\",\"width\":800,\"height\":227,\"caption\":\"Bass Equipamentos\"},\"image\":{\"@id\":\"https:\\\/\\\/www.bass.com.br\\\/#\\\/schema\\\/logo\\\/image\\\/\"},\"sameAs\":[\"https:\\\/\\\/www.facebook.com\\\/BassEquipamentos\\\/\",\"https:\\\/\\\/www.instagram.com\\\/bass_equipamentos\\\/\",\"https:\\\/\\\/br.linkedin.com\\\/company\\\/bass-equipamentos-ltda\"]}]}<\/script>\n<!-- \/ Yoast SEO plugin. -->","yoast_head_json":{"title":"C\u00edclicos \u2013 Modelos CCT - Bass Equipamentos","robots":{"index":"index","follow":"follow","max-snippet":"max-snippet:-1","max-image-preview":"max-image-preview:large","max-video-preview":"max-video-preview:-1"},"canonical":"https:\/\/www.bass.com.br\/es\/equipamentos\/teste-de-corrosao\/modelos-cct-lq-e-cct-gs\/","og_locale":"es_ES","og_type":"article","og_title":"C\u00edclicos \u2013 Modelos CCT - Bass Equipamentos","og_url":"https:\/\/www.bass.com.br\/es\/equipamentos\/teste-de-corrosao\/modelos-cct-lq-e-cct-gs\/","og_site_name":"Bass Equipamentos","article_publisher":"https:\/\/www.facebook.com\/BassEquipamentos\/","article_modified_time":"2020-06-10T17:42:07+00:00","twitter_card":"summary_large_image","twitter_misc":{"Tiempo de lectura":"4 minutos"},"schema":{"@context":"https:\/\/schema.org","@graph":[{"@type":"WebPage","@id":"https:\/\/www.bass.com.br\/equipamentos\/teste-de-corrosao\/modelos-cct-lq-e-cct-gs\/","url":"https:\/\/www.bass.com.br\/equipamentos\/teste-de-corrosao\/modelos-cct-lq-e-cct-gs\/","name":"C\u00edclicos \u2013 Modelos CCT - Bass Equipamentos","isPartOf":{"@id":"https:\/\/www.bass.com.br\/#website"},"datePublished":"2020-03-23T13:14:45+00:00","dateModified":"2020-06-10T17:42:07+00:00","breadcrumb":{"@id":"https:\/\/www.bass.com.br\/equipamentos\/teste-de-corrosao\/modelos-cct-lq-e-cct-gs\/#breadcrumb"},"inLanguage":"es","potentialAction":[{"@type":"ReadAction","target":["https:\/\/www.bass.com.br\/equipamentos\/teste-de-corrosao\/modelos-cct-lq-e-cct-gs\/"]}]},{"@type":"BreadcrumbList","@id":"https:\/\/www.bass.com.br\/equipamentos\/teste-de-corrosao\/modelos-cct-lq-e-cct-gs\/#breadcrumb","itemListElement":[{"@type":"ListItem","position":1,"name":"In\u00edcio","item":"https:\/\/www.bass.com.br\/"},{"@type":"ListItem","position":2,"name":"C\u00e2maras Ensaio","item":"https:\/\/www.bass.com.br\/equipamentos\/"},{"@type":"ListItem","position":3,"name":"Corros\u00e3o Acelerada","item":"https:\/\/www.bass.com.br\/equipamentos\/teste-de-corrosao\/"},{"@type":"ListItem","position":4,"name":"C\u00edclicos \u2013 Modelos CCT"}]},{"@type":"WebSite","@id":"https:\/\/www.bass.com.br\/#website","url":"https:\/\/www.bass.com.br\/","name":"Bass Equipamentos","description":"Qualidade, Durabilidade, Performance e Economia.","publisher":{"@id":"https:\/\/www.bass.com.br\/#organization"},"potentialAction":[{"@type":"SearchAction","target":{"@type":"EntryPoint","urlTemplate":"https:\/\/www.bass.com.br\/?s={search_term_string}"},"query-input":{"@type":"PropertyValueSpecification","valueRequired":true,"valueName":"search_term_string"}}],"inLanguage":"es"},{"@type":"Organization","@id":"https:\/\/www.bass.com.br\/#organization","name":"Bass Equipamentos","url":"https:\/\/www.bass.com.br\/","logo":{"@type":"ImageObject","inLanguage":"es","@id":"https:\/\/www.bass.com.br\/#\/schema\/logo\/image\/","url":"https:\/\/www.bass.com.br\/wp-content\/uploads\/2020\/04\/logo-bass3_site.png","contentUrl":"https:\/\/www.bass.com.br\/wp-content\/uploads\/2020\/04\/logo-bass3_site.png","width":800,"height":227,"caption":"Bass Equipamentos"},"image":{"@id":"https:\/\/www.bass.com.br\/#\/schema\/logo\/image\/"},"sameAs":["https:\/\/www.facebook.com\/BassEquipamentos\/","https:\/\/www.instagram.com\/bass_equipamentos\/","https:\/\/br.linkedin.com\/company\/bass-equipamentos-ltda"]}]}},"_links":{"self":[{"href":"https:\/\/www.bass.com.br\/es\/wp-json\/wp\/v2\/pages\/6746","targetHints":{"allow":["GET"]}}],"collection":[{"href":"https:\/\/www.bass.com.br\/es\/wp-json\/wp\/v2\/pages"}],"about":[{"href":"https:\/\/www.bass.com.br\/es\/wp-json\/wp\/v2\/types\/page"}],"author":[{"embeddable":true,"href":"https:\/\/www.bass.com.br\/es\/wp-json\/wp\/v2\/users\/1"}],"replies":[{"embeddable":true,"href":"https:\/\/www.bass.com.br\/es\/wp-json\/wp\/v2\/comments?post=6746"}],"version-history":[{"count":15,"href":"https:\/\/www.bass.com.br\/es\/wp-json\/wp\/v2\/pages\/6746\/revisions"}],"predecessor-version":[{"id":7554,"href":"https:\/\/www.bass.com.br\/es\/wp-json\/wp\/v2\/pages\/6746\/revisions\/7554"}],"up":[{"embeddable":true,"href":"https:\/\/www.bass.com.br\/es\/wp-json\/wp\/v2\/pages\/6282"}],"wp:attachment":[{"href":"https:\/\/www.bass.com.br\/es\/wp-json\/wp\/v2\/media?parent=6746"}],"curies":[{"name":"wp","href":"https:\/\/api.w.org\/{rel}","templated":true}]}}