{"id":6920,"date":"2020-03-30T14:57:28","date_gmt":"2020-03-30T17:57:28","guid":{"rendered":"https:\/\/www.bass.com.br?page_id=6920"},"modified":"2020-03-30T15:13:12","modified_gmt":"2020-03-30T18:13:12","slug":"trabalhe-conosco","status":"publish","type":"page","link":"https:\/\/www.bass.com.br\/es\/contato\/trabalhe-conosco\/","title":{"rendered":"Trabaja con nosotros"},"content":{"rendered":"<div class=\"wpb-content-wrapper\"><div class=\"vc_row wpb_row vc_row-fluid vc_custom_1585590993424\"><div class=\"wpb_column vc_column_container vc_col-sm-12\"><div class=\"vc_column-inner\"><div class=\"wpb_wrapper\"><h2 style=\"text-align: center\" class=\"vc_custom_heading vc_do_custom_heading vc_custom_1585591003841\" >Trabajar <strong>Con nosotros<\/strong><\/h2><div class=\"vc_row wpb_row vc_inner vc_row-fluid\"><div class=\"wpb_column vc_column_container vc_col-sm-2\"><div class=\"vc_column-inner\"><div class=\"wpb_wrapper\"><\/div><\/div><\/div><div class=\"wpb_column vc_column_container vc_col-sm-8\"><div class=\"vc_column-inner\"><div class=\"wpb_wrapper\">\n\t<div class=\"wpb_text_column wpb_content_element\" >\n\t\t<div class=\"wpb_wrapper\">\n\t\t\t<p style=\"text-align: center;\">\n<div class=\"wpcf7 no-js\" id=\"wpcf7-f6674-o1\" lang=\"en-US\" dir=\"ltr\" data-wpcf7-id=\"6674\">\n<div class=\"screen-reader-response\"><p role=\"status\" aria-live=\"polite\" aria-atomic=\"true\"><\/p> <ul><\/ul><\/div>\n<form action=\"\/es\/wp-json\/wp\/v2\/pages\/6920#wpcf7-f6674-o1\" method=\"post\" class=\"wpcf7-form init 48d24faf15ce cmatic-conn cmatic-aud-1 cmatic-mapd0-0 cmatic-v097803 cmatic-sent-0 cmatic-total-4249\" aria-label=\"Contact form\" enctype=\"multipart\/form-data\" novalidate=\"novalidate\" data-status=\"init\" data-trp-original-action=\"\/es\/wp-json\/wp\/v2\/pages\/6920#wpcf7-f6674-o1\">\n<fieldset class=\"hidden-fields-container\"><input type=\"hidden\" name=\"_wpcf7\" value=\"6674\" \/><input type=\"hidden\" name=\"_wpcf7_version\" value=\"6.1.5\" \/><input type=\"hidden\" name=\"_wpcf7_locale\" value=\"en_US\" \/><input type=\"hidden\" name=\"_wpcf7_unit_tag\" value=\"wpcf7-f6674-o1\" \/><input type=\"hidden\" name=\"_wpcf7_container_post\" value=\"0\" \/><input type=\"hidden\" name=\"_wpcf7_posted_data_hash\" value=\"\" \/>\n<\/fieldset>\n<div style=\"margin-bottom:10px;\">\n\t<p>Nombre completo:*<br \/>\n<span class=\"wpcf7-form-control-wrap\" data-name=\"your-name\"><input size=\"40\" maxlength=\"400\" class=\"wpcf7-form-control wpcf7-text wpcf7-validates-as-required form7\" aria-required=\"true\" aria-invalid=\"false\" placeholder=\"Nombre completo\" value=\"\" type=\"text\" name=\"your-name\" \/><\/span>\n\t<\/p>\n<\/div>\n<div  style=\"margin-bottom: 10px;\">\n\t<p>Correo electr\u00f3nico:*<br \/>\n<span class=\"wpcf7-form-control-wrap\" data-name=\"your-email\"><input size=\"40\" maxlength=\"400\" class=\"wpcf7-form-control wpcf7-email wpcf7-validates-as-required wpcf7-text wpcf7-validates-as-email form7\" aria-required=\"true\" aria-invalid=\"false\" placeholder=\"Introduzca una direcci\u00f3n de correo electr\u00f3nico v\u00e1lida\" value=\"\" type=\"email\" name=\"your-email\" \/><\/span>\n\t<\/p>\n<\/div>\n<div style=\"margin-bottom: 10px;\">\n\t<p>DIRECCI\u00d3N:*<br \/>\n<span class=\"wpcf7-form-control-wrap\" data-name=\"your-endereco\"><input size=\"40\" maxlength=\"400\" class=\"wpcf7-form-control wpcf7-text wpcf7-validates-as-required form7\" aria-required=\"true\" aria-invalid=\"false\" placeholder=\"Direcci\u00f3n\" value=\"\" type=\"text\" name=\"your-endereco\" \/><\/span>\n\t<\/p>\n<\/div>\n<div class=\"clearfix\">\n\t<div id=\"left\">\n\t\t<div>\n\t\t\t<p>Tel\u00e9fono:*<br \/>\n<span class=\"wpcf7-form-control-wrap\" data-name=\"your-telefone\"><input size=\"40\" maxlength=\"400\" class=\"wpcf7-form-control wpcf7-text wpcf7-validates-as-required form7\" aria-required=\"true\" aria-invalid=\"false\" placeholder=\"Tel\u00e9fono con c\u00f3digo de \u00e1rea\" value=\"\" type=\"text\" name=\"your-telefone\" \/><\/span>\n\t\t\t<\/p>\n\t\t<\/div>\n\t<\/div>\n\t<div id=\"right\">\n\t\t<div>\n\t\t\t<p>Sexo (masculino | femenino)<br \/>\n<span class=\"wpcf7-form-control-wrap\" data-name=\"your-sexo\"><input size=\"40\" maxlength=\"400\" class=\"wpcf7-form-control wpcf7-text wpcf7-validates-as-required form7\" aria-required=\"true\" aria-invalid=\"false\" placeholder=\"Sexo\" value=\"\" type=\"text\" name=\"your-sexo\" \/><\/span>\n\t\t\t<\/p>\n\t\t<\/div>\n\t<\/div>\n<\/div>\n<div class=\"clearfix\">\n\t<div id=\"left\">\n\t\t<div>\n\t\t\t<p>Fecha de nacimiento:*<br \/>\n<span class=\"wpcf7-form-control-wrap\" data-name=\"your-datanascimento\"><input size=\"40\" maxlength=\"400\" class=\"wpcf7-form-control wpcf7-text wpcf7-validates-as-required form7\" aria-required=\"true\" aria-invalid=\"false\" placeholder=\"DD\/MM\/AAAA\" value=\"\" type=\"text\" name=\"your-datanascimento\" \/><\/span>\n\t\t\t<\/p>\n\t\t<\/div>\n\t<\/div>\n\t<div id=\"right\">\n\t\t<div style=\"margin-top: -4px;\">\n\t\t\t<p>\u00c1rea deseada<br \/>\n<span class=\"wpcf7-form-control-wrap\" data-name=\"areapretendida\"><select class=\"wpcf7-form-control wpcf7-select wpcf7-validates-as-required form7\" aria-required=\"true\" aria-invalid=\"false\" name=\"areapretendida\"><option value=\"\">&#8212;Please choose an option&#8212;<\/option><option value=\"Comercial\">Comercial<\/option><option value=\"Engenharia\">Ingenier\u00eda<\/option><option value=\"Produ\u00e7\u00e3o\">Producci\u00f3n<\/option><option value=\"Administra\u00e7\u00e3o\">Administraci\u00f3n<\/option><\/select><\/span>\n\t\t\t<\/p>\n\t\t<\/div>\n\t<\/div>\n<\/div>\n<div class=\"clearfix\">\n\t<div id=\"left\">\n\t\t<div>\n\t\t\t<p>Formaci\u00f3n acad\u00e9mica<br \/>\n<span class=\"wpcf7-form-control-wrap\" data-name=\"your-formacao\"><input size=\"40\" maxlength=\"400\" class=\"wpcf7-form-control wpcf7-text wpcf7-validates-as-required form7\" aria-required=\"true\" aria-invalid=\"false\" placeholder=\"Formaci\u00f3n acad\u00e9mica\" value=\"\" type=\"text\" name=\"your-formacao\" \/><\/span>\n\t\t\t<\/p>\n\t\t<\/div>\n\t<\/div>\n\t<div id=\"right\">\n\t\t<div style=\"margin-top: -4px;\">\n\t\t\t<p>Adjuntar curriculum vitae<br \/>\n<span class=\"wpcf7-form-control-wrap\" data-name=\"anexarcurriculu\"><input size=\"40\" class=\"wpcf7-form-control wpcf7-file form7\" accept=\".png,.jpg,.jpge,.pdf\" aria-invalid=\"false\" type=\"file\" name=\"anexarcurriculu\" \/><\/span>\n\t\t\t<\/p>\n\t\t<\/div>\n\t<\/div>\n<\/div>\n<div>\n\t<p>Experiencia profesional<br \/>\n<span class=\"wpcf7-form-control-wrap\" data-name=\"your-message\"><textarea cols=\"40\" rows=\"10\" maxlength=\"2000\" class=\"wpcf7-form-control wpcf7-textarea form7\" aria-invalid=\"false\" name=\"your-message\"><\/textarea><\/span>\n\t<\/p>\n<\/div>\n<center>\n\t<p><input class=\"wpcf7-form-control wpcf7-submit has-spinner enviarform\" type=\"submit\" value=\"ENVIAR MENSAJE\" \/>\n\t<\/p>\n\t<div id=\"cf7sr-69f38bdaed10b\" class=\"cf7sr-g-recaptcha\" data-theme=\"light\" data-type=\"image\" data-size=\"normal\" data-sitekey=\"6LfB5Y0qAAAAAE7hKl3BP4gN70zIUJV4BFd_PHyT\"><\/div><span class=\"wpcf7-form-control-wrap cf7sr-recaptcha\" data-name=\"cf7sr-recaptcha\"><input type=\"hidden\" name=\"cf7sr-recaptcha\" value=\"\" class=\"wpcf7-form-control\"><\/span>\n\t<\/p>\n<\/center><div class=\"wpcf7-response-output\" aria-hidden=\"true\"><\/div>\n<input type=\"hidden\" name=\"trp-form-language\" value=\"es\"\/><\/form>\n<\/div>\n\n\t\t<\/div>\n\t<\/div>\n<\/div><\/div><\/div><div class=\"wpb_column vc_column_container vc_col-sm-2\"><div class=\"vc_column-inner\"><div class=\"wpb_wrapper\"><\/div><\/div><\/div><\/div><\/div><\/div><\/div><\/div>\n<\/div>","protected":false},"excerpt":{"rendered":"Trabalhe Conosco Nome completo:* E-mail:* Endere\u00e7o:* Telefone:* Sexo (Masculino | Feminino) Data de nascimento:* \u00c1rea pretendida &#8212;Please choose an option&#8212;ComercialEngenhariaProdu\u00e7\u00e3oAdministra\u00e7\u00e3o Forma\u00e7\u00e3o acad\u00eamica Anexar curr\u00edculu Experiencia profissional","protected":false},"author":1,"featured_media":0,"parent":6534,"menu_order":0,"comment_status":"closed","ping_status":"closed","template":"","meta":{"footnotes":""},"class_list":["post-6920","page","type-page","status-publish","hentry"],"yoast_head":"<!-- This site is optimized with the Yoast SEO plugin v27.5 - https:\/\/yoast.com\/product\/yoast-seo-wordpress\/ -->\n<title>Trabalhe Conosco - Bass Equipamentos<\/title>\n<meta name=\"robots\" content=\"index, follow, max-snippet:-1, max-image-preview:large, max-video-preview:-1\" \/>\n<link rel=\"canonical\" href=\"https:\/\/www.bass.com.br\/es\/contato\/trabalhe-conosco\/\" \/>\n<meta property=\"og:locale\" content=\"es_ES\" \/>\n<meta property=\"og:type\" content=\"article\" \/>\n<meta property=\"og:title\" content=\"Trabalhe Conosco - Bass Equipamentos\" \/>\n<meta property=\"og:url\" content=\"https:\/\/www.bass.com.br\/es\/contato\/trabalhe-conosco\/\" \/>\n<meta property=\"og:site_name\" content=\"Bass Equipamentos\" \/>\n<meta property=\"article:publisher\" content=\"https:\/\/www.facebook.com\/BassEquipamentos\/\" \/>\n<meta property=\"article:modified_time\" content=\"2020-03-30T18:13:12+00:00\" \/>\n<meta name=\"twitter:card\" content=\"summary_large_image\" \/>\n<script type=\"application\/ld+json\" class=\"yoast-schema-graph\">{\"@context\":\"https:\\\/\\\/schema.org\",\"@graph\":[{\"@type\":\"WebPage\",\"@id\":\"https:\\\/\\\/www.bass.com.br\\\/contato\\\/trabalhe-conosco\\\/\",\"url\":\"https:\\\/\\\/www.bass.com.br\\\/contato\\\/trabalhe-conosco\\\/\",\"name\":\"Trabalhe Conosco - Bass Equipamentos\",\"isPartOf\":{\"@id\":\"https:\\\/\\\/www.bass.com.br\\\/#website\"},\"datePublished\":\"2020-03-30T17:57:28+00:00\",\"dateModified\":\"2020-03-30T18:13:12+00:00\",\"breadcrumb\":{\"@id\":\"https:\\\/\\\/www.bass.com.br\\\/contato\\\/trabalhe-conosco\\\/#breadcrumb\"},\"inLanguage\":\"es\",\"potentialAction\":[{\"@type\":\"ReadAction\",\"target\":[\"https:\\\/\\\/www.bass.com.br\\\/contato\\\/trabalhe-conosco\\\/\"]}]},{\"@type\":\"BreadcrumbList\",\"@id\":\"https:\\\/\\\/www.bass.com.br\\\/contato\\\/trabalhe-conosco\\\/#breadcrumb\",\"itemListElement\":[{\"@type\":\"ListItem\",\"position\":1,\"name\":\"In\u00edcio\",\"item\":\"https:\\\/\\\/www.bass.com.br\\\/\"},{\"@type\":\"ListItem\",\"position\":2,\"name\":\"Contato\",\"item\":\"https:\\\/\\\/www.bass.com.br\\\/contato\\\/\"},{\"@type\":\"ListItem\",\"position\":3,\"name\":\"Trabalhe Conosco\"}]},{\"@type\":\"WebSite\",\"@id\":\"https:\\\/\\\/www.bass.com.br\\\/#website\",\"url\":\"https:\\\/\\\/www.bass.com.br\\\/\",\"name\":\"Bass Equipamentos\",\"description\":\"Qualidade, Durabilidade, Performance e Economia.\",\"publisher\":{\"@id\":\"https:\\\/\\\/www.bass.com.br\\\/#organization\"},\"potentialAction\":[{\"@type\":\"SearchAction\",\"target\":{\"@type\":\"EntryPoint\",\"urlTemplate\":\"https:\\\/\\\/www.bass.com.br\\\/?s={search_term_string}\"},\"query-input\":{\"@type\":\"PropertyValueSpecification\",\"valueRequired\":true,\"valueName\":\"search_term_string\"}}],\"inLanguage\":\"es\"},{\"@type\":\"Organization\",\"@id\":\"https:\\\/\\\/www.bass.com.br\\\/#organization\",\"name\":\"Bass Equipamentos\",\"url\":\"https:\\\/\\\/www.bass.com.br\\\/\",\"logo\":{\"@type\":\"ImageObject\",\"inLanguage\":\"es\",\"@id\":\"https:\\\/\\\/www.bass.com.br\\\/#\\\/schema\\\/logo\\\/image\\\/\",\"url\":\"https:\\\/\\\/www.bass.com.br\\\/wp-content\\\/uploads\\\/2020\\\/04\\\/logo-bass3_site.png\",\"contentUrl\":\"https:\\\/\\\/www.bass.com.br\\\/wp-content\\\/uploads\\\/2020\\\/04\\\/logo-bass3_site.png\",\"width\":800,\"height\":227,\"caption\":\"Bass Equipamentos\"},\"image\":{\"@id\":\"https:\\\/\\\/www.bass.com.br\\\/#\\\/schema\\\/logo\\\/image\\\/\"},\"sameAs\":[\"https:\\\/\\\/www.facebook.com\\\/BassEquipamentos\\\/\",\"https:\\\/\\\/www.instagram.com\\\/bass_equipamentos\\\/\",\"https:\\\/\\\/br.linkedin.com\\\/company\\\/bass-equipamentos-ltda\"]}]}<\/script>\n<!-- \/ Yoast SEO plugin. -->","yoast_head_json":{"title":"Trabalhe Conosco - Bass Equipamentos","robots":{"index":"index","follow":"follow","max-snippet":"max-snippet:-1","max-image-preview":"max-image-preview:large","max-video-preview":"max-video-preview:-1"},"canonical":"https:\/\/www.bass.com.br\/es\/contato\/trabalhe-conosco\/","og_locale":"es_ES","og_type":"article","og_title":"Trabalhe Conosco - Bass Equipamentos","og_url":"https:\/\/www.bass.com.br\/es\/contato\/trabalhe-conosco\/","og_site_name":"Bass Equipamentos","article_publisher":"https:\/\/www.facebook.com\/BassEquipamentos\/","article_modified_time":"2020-03-30T18:13:12+00:00","twitter_card":"summary_large_image","schema":{"@context":"https:\/\/schema.org","@graph":[{"@type":"WebPage","@id":"https:\/\/www.bass.com.br\/contato\/trabalhe-conosco\/","url":"https:\/\/www.bass.com.br\/contato\/trabalhe-conosco\/","name":"Trabalhe Conosco - Bass Equipamentos","isPartOf":{"@id":"https:\/\/www.bass.com.br\/#website"},"datePublished":"2020-03-30T17:57:28+00:00","dateModified":"2020-03-30T18:13:12+00:00","breadcrumb":{"@id":"https:\/\/www.bass.com.br\/contato\/trabalhe-conosco\/#breadcrumb"},"inLanguage":"es","potentialAction":[{"@type":"ReadAction","target":["https:\/\/www.bass.com.br\/contato\/trabalhe-conosco\/"]}]},{"@type":"BreadcrumbList","@id":"https:\/\/www.bass.com.br\/contato\/trabalhe-conosco\/#breadcrumb","itemListElement":[{"@type":"ListItem","position":1,"name":"In\u00edcio","item":"https:\/\/www.bass.com.br\/"},{"@type":"ListItem","position":2,"name":"Contato","item":"https:\/\/www.bass.com.br\/contato\/"},{"@type":"ListItem","position":3,"name":"Trabalhe Conosco"}]},{"@type":"WebSite","@id":"https:\/\/www.bass.com.br\/#website","url":"https:\/\/www.bass.com.br\/","name":"Bass Equipamentos","description":"Qualidade, Durabilidade, Performance e Economia.","publisher":{"@id":"https:\/\/www.bass.com.br\/#organization"},"potentialAction":[{"@type":"SearchAction","target":{"@type":"EntryPoint","urlTemplate":"https:\/\/www.bass.com.br\/?s={search_term_string}"},"query-input":{"@type":"PropertyValueSpecification","valueRequired":true,"valueName":"search_term_string"}}],"inLanguage":"es"},{"@type":"Organization","@id":"https:\/\/www.bass.com.br\/#organization","name":"Bass Equipamentos","url":"https:\/\/www.bass.com.br\/","logo":{"@type":"ImageObject","inLanguage":"es","@id":"https:\/\/www.bass.com.br\/#\/schema\/logo\/image\/","url":"https:\/\/www.bass.com.br\/wp-content\/uploads\/2020\/04\/logo-bass3_site.png","contentUrl":"https:\/\/www.bass.com.br\/wp-content\/uploads\/2020\/04\/logo-bass3_site.png","width":800,"height":227,"caption":"Bass Equipamentos"},"image":{"@id":"https:\/\/www.bass.com.br\/#\/schema\/logo\/image\/"},"sameAs":["https:\/\/www.facebook.com\/BassEquipamentos\/","https:\/\/www.instagram.com\/bass_equipamentos\/","https:\/\/br.linkedin.com\/company\/bass-equipamentos-ltda"]}]}},"_links":{"self":[{"href":"https:\/\/www.bass.com.br\/es\/wp-json\/wp\/v2\/pages\/6920","targetHints":{"allow":["GET"]}}],"collection":[{"href":"https:\/\/www.bass.com.br\/es\/wp-json\/wp\/v2\/pages"}],"about":[{"href":"https:\/\/www.bass.com.br\/es\/wp-json\/wp\/v2\/types\/page"}],"author":[{"embeddable":true,"href":"https:\/\/www.bass.com.br\/es\/wp-json\/wp\/v2\/users\/1"}],"replies":[{"embeddable":true,"href":"https:\/\/www.bass.com.br\/es\/wp-json\/wp\/v2\/comments?post=6920"}],"version-history":[{"count":4,"href":"https:\/\/www.bass.com.br\/es\/wp-json\/wp\/v2\/pages\/6920\/revisions"}],"predecessor-version":[{"id":6925,"href":"https:\/\/www.bass.com.br\/es\/wp-json\/wp\/v2\/pages\/6920\/revisions\/6925"}],"up":[{"embeddable":true,"href":"https:\/\/www.bass.com.br\/es\/wp-json\/wp\/v2\/pages\/6534"}],"wp:attachment":[{"href":"https:\/\/www.bass.com.br\/es\/wp-json\/wp\/v2\/media?parent=6920"}],"curies":[{"name":"wp","href":"https:\/\/api.w.org\/{rel}","templated":true}]}}