{"id":7055,"date":"2020-04-15T15:18:57","date_gmt":"2020-04-15T18:18:57","guid":{"rendered":"https:\/\/www.bass.com.br?page_id=7055"},"modified":"2024-03-25T11:12:46","modified_gmt":"2024-03-25T14:12:46","slug":"laboratorio","status":"publish","type":"page","link":"https:\/\/www.bass.com.br\/es\/laboratorio\/","title":{"rendered":"Laboratorio"},"content":{"rendered":"<div class=\"wpb-content-wrapper\"><div class=\"vc_row wpb_row vc_row-fluid vc_custom_1588186040789\"><div class=\"wpb_column vc_column_container vc_col-sm-3 vc_hidden-xs\"><div class=\"vc_column-inner\"><div class=\"wpb_wrapper\"><div  class=\"wpb_widgetised_column wpb_content_element\">\n\t\t<div class=\"wpb_wrapper\">\n\t\t\t\n\t\t\t<section id=\"nav_menu-18\" class=\"widget widget_nav_menu\"><h2 class=\"widget-title\">Corrosi\u00f3n acelerada<\/h2><div class=\"menu-camaras-ensaio-corrosao-acelerada-container\"><ul id=\"menu-camaras-ensaio-corrosao-acelerada\" class=\"menu rt-mega-menu-transition-default\"><li id=\"menu-item-6822\" class=\"menu-item menu-item-type-post_type menu-item-object-page menu-flyout rt-mega-menu-hover item-6822\"><a  href=\"https:\/\/www.bass.com.br\/es\/equipamentos\/teste-de-corrosao\/modelos-usc\/\">Niebla salina (pulverizaci\u00f3n salina) \u2013 Modelos USC<\/a><\/li>\n<li id=\"menu-item-6821\" class=\"menu-item menu-item-type-post_type menu-item-object-page menu-flyout rt-mega-menu-hover item-6821\"><a  href=\"https:\/\/www.bass.com.br\/es\/equipamentos\/teste-de-corrosao\/modelos-uk\/\">Humedad saturada: modelos del Reino Unido<\/a><\/li>\n<li id=\"menu-item-6820\" class=\"menu-item menu-item-type-post_type menu-item-object-page menu-flyout rt-mega-menu-hover item-6820\"><a  href=\"https:\/\/www.bass.com.br\/es\/equipamentos\/teste-de-corrosao\/modelos-cct-lq-e-cct-gs\/\">C\u00edclico \u2013 Modelos CCT<\/a><\/li>\n<li id=\"menu-item-6819\" class=\"menu-item menu-item-type-post_type menu-item-object-page menu-flyout rt-mega-menu-hover item-6819\"><a  href=\"https:\/\/www.bass.com.br\/es\/equipamentos\/teste-de-corrosao\/custom-designed-series\/\">Especiales \u2013 Dimensiones y Caracter\u00edsticas T\u00e9cnicas<\/a><\/li>\n<\/ul><\/div><\/section><section id=\"nav_menu-21\" class=\"widget widget_nav_menu\"><h2 class=\"widget-title\">Meteorizaci\u00f3n acelerada<\/h2><div class=\"menu-camaras-ensaio-intemperismo-acelerado-container\"><ul id=\"menu-camaras-ensaio-intemperismo-acelerado\" class=\"menu rt-mega-menu-transition-default\"><li id=\"menu-item-7262\" class=\"menu-item menu-item-type-post_type menu-item-object-page menu-flyout rt-mega-menu-hover item-7262\"><a  href=\"https:\/\/www.bass.com.br\/es\/equipamentos\/testes-de-intemperismo-acelerado\/uux-intemperismo-acelerado-por-luz-xenonio\/\">Luz de xen\u00f3n \u2013 modelos UUX<\/a><\/li>\n<li id=\"menu-item-7263\" class=\"menu-item menu-item-type-post_type menu-item-object-page menu-flyout rt-mega-menu-hover item-7263\"><a  href=\"https:\/\/www.bass.com.br\/es\/equipamentos\/testes-de-intemperismo-acelerado\/ultravioleta-modelos-uuv\/\">Ultravioleta \u2013 Modelos UUV<\/a><\/li>\n<\/ul><\/div><\/section><section id=\"nav_menu-19\" class=\"widget widget_nav_menu\"><h2 class=\"widget-title\">Clima<\/h2><div class=\"menu-camaras-ensaio-climaticas-container\"><ul id=\"menu-camaras-ensaio-climaticas\" class=\"menu rt-mega-menu-transition-default\"><li id=\"menu-item-7265\" class=\"menu-item menu-item-type-post_type menu-item-object-page menu-flyout rt-mega-menu-hover item-7265\"><a  href=\"https:\/\/www.bass.com.br\/es\/equipamentos\/testes-de-simulacao\/uuc-temperatura-umidade-controladas\/\">Continuo (estado estable) \u2013 Modelos UUC<\/a><\/li>\n<li id=\"menu-item-7266\" class=\"menu-item menu-item-type-post_type menu-item-object-page menu-flyout rt-mega-menu-hover item-7266\"><a  href=\"https:\/\/www.bass.com.br\/es\/equipamentos\/testes-de-simulacao\/ciclo-termico\/\">Ciclo T\u00e9rmico<\/a><\/li>\n<\/ul><\/div><\/section><section id=\"nav_menu-20\" class=\"widget widget_nav_menu\"><h2 class=\"widget-title\">Otros Simulaci\u00f3n<\/h2><div class=\"menu-camaras-ensaio-outros-simulacao-container\"><ul id=\"menu-camaras-ensaio-outros-simulacao\" class=\"menu rt-mega-menu-transition-default\"><li id=\"menu-item-7264\" class=\"menu-item menu-item-type-post_type menu-item-object-page menu-flyout rt-mega-menu-hover item-7264\"><a  href=\"https:\/\/www.bass.com.br\/es\/equipamentos\/testes-de-simulacao\/gravelometro-modelo-ug\/\">Impacto de piedra\/disparo \u2013 Gravel\u00f3metro Modelo UG<\/a><\/li>\n<li id=\"menu-item-6815\" class=\"menu-item menu-item-type-post_type menu-item-object-page menu-flyout rt-mega-menu-hover item-6815\"><a  href=\"https:\/\/www.bass.com.br\/es\/equipamentos\/outros\/udust-permeabilidade-a-poeira\/\">Permeabilidade a Poeira &#8211; Modelo UDust<\/a><\/li>\n<li id=\"menu-item-6816\" class=\"menu-item menu-item-type-post_type menu-item-object-page menu-flyout rt-mega-menu-hover item-6816\"><a  href=\"https:\/\/www.bass.com.br\/es\/equipamentos\/outros\/urain-permeabilidade-agua\/\">Permeabilidade \u00c1gua &#8211; Modelo URain<\/a><\/li>\n<\/ul><\/div><\/section><section id=\"nav_menu-25\" class=\"widget widget_nav_menu\"><h2 class=\"widget-title\">Software y Aplicaciones<\/h2><div class=\"menu-camaras-ensaio-software-e-aplicativos-container\"><ul id=\"menu-camaras-ensaio-software-e-aplicativos\" class=\"menu rt-mega-menu-transition-default\"><li id=\"menu-item-7267\" class=\"menu-item menu-item-type-post_type menu-item-object-page menu-flyout rt-mega-menu-hover item-7267\"><a  href=\"https:\/\/www.bass.com.br\/es\/equipamentos\/software-e-aplicativos\/basstrek\/\">Basstrek<\/a><\/li>\n<\/ul><\/div><\/section><section id=\"text-2\" class=\"widget widget_text\"><h2 class=\"widget-title\">Newsletter<\/h2>\t\t\t<div class=\"textwidget\"><p><script>(function() {\n\twindow.mc4wp = window.mc4wp || {\n\t\tlisteners: [],\n\t\tforms: {\n\t\t\ton: function(evt, cb) {\n\t\t\t\twindow.mc4wp.listeners.push(\n\t\t\t\t\t{\n\t\t\t\t\t\tevent   : evt,\n\t\t\t\t\t\tcallback: cb\n\t\t\t\t\t}\n\t\t\t\t);\n\t\t\t}\n\t\t}\n\t}\n})();\n<\/script><!-- Mailchimp for WordPress v4.12.2 - https:\/\/wordpress.org\/plugins\/mailchimp-for-wp\/ --><\/p>\n<form id=\"mc4wp-form-1\" class=\"mc4wp-form mc4wp-form-287\" method=\"post\" data-id=\"287\" data-name=\"Mailchimp\" action=\"\" >\n<div class=\"mc4wp-form-fields\"><input style=\"margin-top:10px;\" class=\"newsletterform\" type=\"text\" name=\"NAME\" placeholder=\"Nombre\" required \/><br \/>\n<input class=\"newsletterform\" type=\"email\" name=\"Email\" placeholder=\"Correo electr\u00f3nico\" required \/><\/p>\n<p><center><button type=\"submit\"><br \/>\nEscribir<br \/>\n<\/button><\/center>\n<\/div>\n<p><label style=\"display: none !important;\">Deja vac\u00edo este campo si eres humano: <input type=\"text\" name=\"_mc4wp_honeypot\" value=\"\" tabindex=\"-1\" autocomplete=\"off\" \/><\/label><input type=\"hidden\" name=\"_mc4wp_timestamp\" value=\"1777111785\" \/><input type=\"hidden\" name=\"_mc4wp_form_id\" value=\"287\" \/><input type=\"hidden\" name=\"_mc4wp_form_element_id\" value=\"mc4wp-form-1\" \/><\/p>\n<div class=\"mc4wp-response\"><\/div>\n<input type=\"hidden\" name=\"trp-form-language\" value=\"es\"\/><\/form>\n<p><!-- \/ Mailchimp for WordPress Plugin --><\/p>\n<\/div>\n\t\t<\/section>\n\t\t<\/div>\n\t<\/div>\n<\/div><\/div><\/div><div class=\"wpb_column vc_column_container vc_col-sm-9\"><div class=\"vc_column-inner\"><div class=\"wpb_wrapper\">\n\t<div class=\"wpb_text_column wpb_content_element\" >\n\t\t<div class=\"wpb_wrapper\">\n\t\t\t<p style=\"text-align: justify;\" class=\"translation-block\">El Laboratorio <strong>BASS<\/strong> surgi\u00f3 de la verificaci\u00f3n de las necesidades de mercado de un proveedor independiente con capacidad en toda la l\u00ednea de ensayos de simulaci\u00f3n acelerada de agentes de estr\u00e9s ambiental (corrosi\u00f3n, intemperismo y clima).<\/p>\n<p style=\"text-align: justify;\">La creaci\u00f3n de un \u00fanico laboratorio especializado en ensayos acelerados de corrosi\u00f3n, intemperismo y clima le permite ofrecer soluciones integradas a las solicitudes de ensayo en un \u00fanico lugar y en un menor periodo de tiempo.<\/p>\n<p style=\"text-align: justify;\">Nuestra misi\u00f3n es brindar a nuestros clientes una respuesta r\u00e1pida a sus necesidades de pruebas, con un bajo costo y garant\u00eda de calidad.<\/p>\n<p><strong>Para atender las \u00e1reas de:<\/strong><\/p>\n\n\t\t<\/div>\n\t<\/div>\n<div class=\"vc_row wpb_row vc_inner vc_row-fluid vc_custom_1589287400793 vc_row-has-fill\"><div class=\"wpb_column vc_column_container vc_col-sm-6 vc_col-has-fill\"><div class=\"vc_column-inner vc_custom_1589287411365\"><div class=\"wpb_wrapper\">\n\t<div class=\"wpb_text_column wpb_content_element\" >\n\t\t<div class=\"wpb_wrapper\">\n\t\t\t<ul>\n<li style=\"background: none !important;\">Pinturas, barnices y revestimientos org\u00e1nicos.<\/li>\n<li style=\"background: none !important;\">Automotor<\/li>\n<li style=\"background: none !important;\">galvanoplastia<\/li>\n<li style=\"background: none !important;\">Electr\u00f3nica<\/li>\n<\/ul>\n\n\t\t<\/div>\n\t<\/div>\n<\/div><\/div><\/div><div class=\"wpb_column vc_column_container vc_col-sm-6\"><div class=\"vc_column-inner\"><div class=\"wpb_wrapper\">\n\t<div class=\"wpb_text_column wpb_content_element\" >\n\t\t<div class=\"wpb_wrapper\">\n\t\t\t<ul>\n<li style=\"background: none !important;\">Industria farmac\u00e9utica<\/li>\n<li style=\"background: none !important;\">Bienes de consumo<\/li>\n<li style=\"background: none !important;\">Etc<\/li>\n<\/ul>\n\n\t\t<\/div>\n\t<\/div>\n<\/div><\/div><\/div><\/div><div class=\"vc_empty_space\"   style=\"height: 32px\"><span class=\"vc_empty_space_inner\"><\/span><\/div>\n\t<div class=\"wpb_text_column wpb_content_element\" >\n\t\t<div class=\"wpb_wrapper\">\n\t\t\t<h2 style=\"text-align: center;\">Tabla de pruebas disponibles<\/h2>\n\n\t\t<\/div>\n\t<\/div>\n<div class=\"vc_empty_space\"   style=\"height: 20px\"><span class=\"vc_empty_space_inner\"><\/span><\/div><div class=\"vc_row wpb_row vc_inner vc_row-fluid vc_column-gap-10\"><div class=\"wpb_column vc_column_container vc_col-sm-4 vc_col-has-fill\"><div class=\"vc_column-inner vc_custom_1589290458787\"><div class=\"wpb_wrapper\">\n\t<div class=\"wpb_text_column wpb_content_element vc_custom_1711375957422\" >\n\t\t<div class=\"wpb_wrapper\">\n\t\t\t<ul>\n<li><strong>\u00bb Salt-Spray (Niebla Salina)<\/strong><\/li>\n<li>ISO 9227<\/li>\n<li>ASTM &#8211; B &#8211; 117 (Neutro)<\/li>\n<li>ASTM &#8211; B &#8211; 287 (Ac\u00e9tico)<\/li>\n<li>ASTM &#8211; B &#8211; 368 (CASS)<\/li>\n<li>BSI &#8211; 7479<\/li>\n<li>JIS &#8211; Z -2371<\/li>\n<li>AFNOR -A05 &#8211; 101<\/li>\n<li>DIN &#8211; 50021<\/li>\n<li>ABNT 17088 NSS<\/li>\n<li>ABNT 17088 ASS<\/li>\n<li>ABNT 17088 CASS<\/li>\n<li>FIAT 50180 A1\/B1\/B3<\/li>\n<li>Renault D 17 1058\/&#8211;H<\/li>\n<\/ul>\n\n\t\t<\/div>\n\t<\/div>\n<\/div><\/div><\/div><div class=\"wpb_column vc_column_container vc_col-sm-4\"><div class=\"vc_column-inner\"><div class=\"wpb_wrapper\">\n\t<div class=\"wpb_text_column wpb_content_element vc_custom_1589290597898\" >\n\t\t<div class=\"wpb_wrapper\">\n\t\t\t<ul>\n<li><b>\u00bb C\u00e1mara H\u00fameda (Saturada)<\/b><\/li>\n<li>ASTM &#8211; D &#8211; 1735<\/li>\n<li>ASTM &#8211; D &#8211; 2247<\/li>\n<\/ul>\n\n\t\t<\/div>\n\t<\/div>\n\n\t<div class=\"wpb_text_column wpb_content_element vc_custom_1589290617259\" >\n\t\t<div class=\"wpb_wrapper\">\n\t\t\t<ul>\n<li><b>\u00bb Modificado hasta 60 \u00b0C<\/b><\/li>\n<li>ABNT &#8211; NBR &#8211; 8095<\/li>\n<li>DIN &#8211; 50017<\/li>\n<li>FIAT 50184 B<\/li>\n<\/ul>\n\n\t\t<\/div>\n\t<\/div>\n\n\t<div class=\"wpb_text_column wpb_content_element vc_custom_1589290634382\" >\n\t\t<div class=\"wpb_wrapper\">\n\t\t\t<ul>\n<li><b>\u00bb Corrodkote<\/b><\/li>\n<li>ASTM &#8211; B &#8211; 380<\/li>\n<li>ABNT &#8211; NBR &#8211; 9100<\/li>\n<li>DIN &#8211; 50958<\/li>\n<\/ul>\n\n\t\t<\/div>\n\t<\/div>\n<\/div><\/div><\/div><div class=\"wpb_column vc_column_container vc_col-sm-4 vc_col-has-fill\"><div class=\"vc_column-inner vc_custom_1589290675961\"><div class=\"wpb_wrapper\">\n\t<div class=\"wpb_text_column wpb_content_element vc_custom_1589290686594\" >\n\t\t<div class=\"wpb_wrapper\">\n\t\t\t<ul>\n<li><b>\u00bb Meteorizaci\u00f3n artificial acelerada (prueba combinada de UV\/humedad)<\/b><\/li>\n<li>ASTM G 154<\/li>\n<li>ISO 4892-3<\/li>\n<li>ABNT 9512<\/li>\n<li>ASTM D 4587<\/li>\n<li>JIS D 0205<\/li>\n<li>ISO 11506<\/li>\n<li>DIN 53387<\/li>\n<li>ASTM G 53 (descont.)<\/li>\n<li>BSI 2782<\/li>\n<li>SAE J 2020<\/li>\n<\/ul>\n\n\t\t<\/div>\n\t<\/div>\n<\/div><\/div><\/div><\/div><div class=\"vc_row wpb_row vc_inner vc_row-fluid\"><div class=\"wpb_column vc_column_container vc_col-sm-12\"><div class=\"vc_column-inner\"><div class=\"wpb_wrapper\"><div class=\"vc_empty_space\"   style=\"height: 32px\"><span class=\"vc_empty_space_inner\"><\/span><\/div>\n\t<div class=\"wpb_text_column wpb_content_element\" >\n\t\t<div class=\"wpb_wrapper\">\n\t\t\t<h4 style=\"text-align: center;\"><b>\u00bb Pruebas de corrosi\u00f3n c\u00edclica<\/b><\/h4>\n\n\t\t<\/div>\n\t<\/div>\n<\/div><\/div><\/div><\/div><div class=\"vc_row wpb_row vc_inner vc_row-fluid vc_custom_1589290714155 vc_row-has-fill\"><div class=\"wpb_column vc_column_container vc_col-sm-4 vc_col-has-fill\"><div class=\"vc_column-inner vc_custom_1589290288763\"><div class=\"wpb_wrapper\">\n\t<div class=\"wpb_text_column wpb_content_element vc_custom_1589290242853\" >\n\t\t<div class=\"wpb_wrapper\">\n\t\t\t<ul>\n<li>ASTM-G-85<\/li>\n<li>SAE J 2334<\/li>\n<li>GM 9540 MET. B<\/li>\n<li>Prohesion<\/li>\n<li>Acid Rain CCT<\/li>\n<li>VW PV 1210<\/li>\n<li>NISSAN M 007<\/li>\n<\/ul>\n\n\t\t<\/div>\n\t<\/div>\n<\/div><\/div><\/div><div class=\"wpb_column vc_column_container vc_col-sm-4 vc_col-has-fill\"><div class=\"vc_column-inner vc_custom_1589290303714\"><div class=\"wpb_wrapper\">\n\t<div class=\"wpb_text_column wpb_content_element vc_custom_1589290252156\" >\n\t\t<div class=\"wpb_wrapper\">\n\t\t\t<ul>\n<li>RENAULT D 17 2028\/&#8211;B<\/li>\n<li>RENAULT D 17 1686\/&#8211;D<\/li>\n<li>FIAT 50493\/4<\/li>\n<li>PEUGEOT D 23 1461<\/li>\n<li>VOLVO STD 1027, 14<\/li>\n<li>CCT1<\/li>\n<li>CCT2<\/li>\n<\/ul>\n\n\t\t<\/div>\n\t<\/div>\n<\/div><\/div><\/div><div class=\"wpb_column vc_column_container vc_col-sm-4 vc_col-has-fill\"><div class=\"vc_column-inner vc_custom_1589290233165\"><div class=\"wpb_wrapper\">\n\t<div class=\"wpb_text_column wpb_content_element vc_custom_1589290814767\" >\n\t\t<div class=\"wpb_wrapper\">\n\t\t\t<ul>\n<li>CCT3<\/li>\n<li>CCT4<\/li>\n<li>CCT5<\/li>\n<li>ASTM D 5894<\/li>\n<li>ISO 11474<\/li>\n<\/ul>\n\n\t\t<\/div>\n\t<\/div>\n<\/div><\/div><\/div><\/div><div class=\"vc_row wpb_row vc_inner vc_row-fluid\"><div class=\"wpb_column vc_column_container vc_col-sm-6\"><div class=\"vc_column-inner\"><div class=\"wpb_wrapper\">\n\t<div class=\"wpb_text_column wpb_content_element vc_custom_1589290837021\" >\n\t\t<div class=\"wpb_wrapper\">\n\t\t\t<ul>\n<li><b>\u00bb Meteorizaci\u00f3n artificial acelerada (prueba combinada de UV\/humedad)<\/b><\/li>\n<li>ASTM G 154<\/li>\n<li>ISO 4892-3<\/li>\n<li>ABNT 9512<\/li>\n<li>ASTM D 4587<\/li>\n<li>JIS D 0205<\/li>\n<li>ISO 11506<\/li>\n<li>DIN 53387<\/li>\n<li>ASTM G 53 (descont.)<\/li>\n<li>BSI 2782<\/li>\n<li>SAE J 2020<\/li>\n<\/ul>\n\n\t\t<\/div>\n\t<\/div>\n<\/div><\/div><\/div><div class=\"wpb_column vc_column_container vc_col-sm-6\"><div class=\"vc_column-inner\"><div class=\"wpb_wrapper\">\n\t<div class=\"wpb_text_column wpb_content_element vc_custom_1589290851667\" >\n\t\t<div class=\"wpb_wrapper\">\n\t\t\t<ul>\n<li><b>\u00bb Gravel\u00f3metro (Golpe de piedras)<\/b><\/li>\n<li>DIN-55996-1<\/li>\n<li>ASTM-D-3170-3<\/li>\n<li>SAE-J-400<\/li>\n<li>Peugeot D24 1312<\/li>\n<li>VDA 621-427<\/li>\n<\/ul>\n\n\t\t<\/div>\n\t<\/div>\n\n\t<div class=\"wpb_text_column wpb_content_element vc_custom_1589290868340\" >\n\t\t<div class=\"wpb_wrapper\">\n\t\t\t<ul>\n<li><b>\u00bb Clima industrial (Kesternich)<\/b><\/li>\n<li>DIN-50018<\/li>\n<li>ASTM-G-87<\/li>\n<li>ABNT-NBR-8096<\/li>\n<\/ul>\n\n\t\t<\/div>\n\t<\/div>\n<\/div><\/div><\/div><\/div><div class=\"vc_row wpb_row vc_inner vc_row-fluid\"><div class=\"wpb_column vc_column_container vc_col-sm-6\"><div class=\"vc_column-inner\"><div class=\"wpb_wrapper\">\n\t<div class=\"wpb_text_column wpb_content_element\" >\n\t\t<div class=\"wpb_wrapper\">\n\t\t\t<p class=\"translation-block\"><strong>Baja temperatura<\/strong><br>\nPruebas hasta -77\u00b0C<\/p>\n<p><strong>Baixa Temperatura <\/strong><br \/>\nTestes at\u00e9 -77 \u00b0C<\/p>\n<p><strong>Choque T\u00e9rmico (em meio ar) <\/strong><br \/>\nDe -77 \u00b0C a 200 \u00b0C<\/p>\n\n\t\t<\/div>\n\t<\/div>\n<\/div><\/div><\/div><div class=\"wpb_column vc_column_container vc_col-sm-6\"><div class=\"vc_column-inner\"><div class=\"wpb_wrapper\">\n\t<div class=\"wpb_text_column wpb_content_element\" >\n\t\t<div class=\"wpb_wrapper\">\n\t\t\t<p><strong>C\u00e2mara de choque t\u00e9rmico autom\u00e1tica <\/strong><\/p>\n<p class=\"translation-block\"><strong>Ciclismo t\u00e9rmico <\/strong><br>\n-77\u00b0C a 177\u00b0C<br>\n(rampas hasta 7 \u00b0C\/min.)<\/p>\n<p class=\"translation-block\"><strong>Temperatura e Umidade Combinadas <\/strong><br>\r\n-10 \u00b0C a 65 \u00b0C<br>\r\nUmidade relativa de 30% a 98%<\/p>\n\n\t\t<\/div>\n\t<\/div>\n<\/div><\/div><\/div><\/div><div class=\"vc_empty_space\"   style=\"height: 10px\"><span class=\"vc_empty_space_inner\"><\/span><\/div>\n\t<div class=\"wpb_text_column wpb_content_element\" >\n\t\t<div class=\"wpb_wrapper\">\n\t\t\t<p style=\"text-align: center;\"><b>NOTA: Se podr\u00e1n realizar ensayos espec\u00edficos dependiendo \u00fanicamente del estudio de la norma deseada.<\/b><\/p>\n\n\t\t<\/div>\n\t<\/div>\n<\/div><\/div><\/div><\/div>\n<\/div>","protected":false},"excerpt":{"rendered":"Corros\u00e3o AceleradaN\u00e9voa Salina ( Salt Spray ) \u2013 Modelos USC Umidade Saturada \u2013 Modelos UK C\u00edclicos \u2013 Modelos CCT Especiais \u2013 Dimens\u00f5es e Caracter\u00edsticas T\u00e9cnicas Intemperismo AceleradoLuz X\u00eanon \u2013 Modelos UUX Ultravioleta \u2013 Modelos UUV Clim\u00e1ticasCont\u00ednuas (Steady State) \u2013 Modelos UUC Ciclo T\u00e9rmico Outros Simula\u00e7\u00e3oBatida Pedra \/ Granalha \u2013 Modelo Gravel\u00f4metro UG Permeabilidade a Poeira [...]","protected":false},"author":1,"featured_media":0,"parent":0,"menu_order":0,"comment_status":"closed","ping_status":"closed","template":"","meta":{"footnotes":""},"class_list":["post-7055","page","type-page","status-publish","hentry"],"yoast_head":"<!-- This site is optimized with the Yoast SEO plugin v27.4 - https:\/\/yoast.com\/product\/yoast-seo-wordpress\/ -->\n<title>Laborat\u00f3rio - Bass Equipamentos<\/title>\n<meta name=\"robots\" content=\"index, follow, max-snippet:-1, max-image-preview:large, max-video-preview:-1\" \/>\n<link rel=\"canonical\" href=\"https:\/\/www.bass.com.br\/es\/laboratorio\/\" \/>\n<meta property=\"og:locale\" content=\"es_ES\" \/>\n<meta property=\"og:type\" content=\"article\" \/>\n<meta property=\"og:title\" content=\"Laborat\u00f3rio - Bass Equipamentos\" \/>\n<meta property=\"og:url\" content=\"https:\/\/www.bass.com.br\/es\/laboratorio\/\" \/>\n<meta property=\"og:site_name\" content=\"Bass Equipamentos\" \/>\n<meta property=\"article:publisher\" content=\"https:\/\/www.facebook.com\/BassEquipamentos\/\" \/>\n<meta property=\"article:modified_time\" content=\"2024-03-25T14:12:46+00:00\" \/>\n<meta name=\"twitter:card\" content=\"summary_large_image\" \/>\n<meta name=\"twitter:label1\" content=\"Tiempo de lectura\" \/>\n\t<meta name=\"twitter:data1\" content=\"6 minutos\" \/>\n<script type=\"application\/ld+json\" class=\"yoast-schema-graph\">{\"@context\":\"https:\\\/\\\/schema.org\",\"@graph\":[{\"@type\":\"WebPage\",\"@id\":\"https:\\\/\\\/www.bass.com.br\\\/laboratorio\\\/\",\"url\":\"https:\\\/\\\/www.bass.com.br\\\/laboratorio\\\/\",\"name\":\"Laborat\u00f3rio - Bass Equipamentos\",\"isPartOf\":{\"@id\":\"https:\\\/\\\/www.bass.com.br\\\/#website\"},\"datePublished\":\"2020-04-15T18:18:57+00:00\",\"dateModified\":\"2024-03-25T14:12:46+00:00\",\"breadcrumb\":{\"@id\":\"https:\\\/\\\/www.bass.com.br\\\/laboratorio\\\/#breadcrumb\"},\"inLanguage\":\"es\",\"potentialAction\":[{\"@type\":\"ReadAction\",\"target\":[\"https:\\\/\\\/www.bass.com.br\\\/laboratorio\\\/\"]}]},{\"@type\":\"BreadcrumbList\",\"@id\":\"https:\\\/\\\/www.bass.com.br\\\/laboratorio\\\/#breadcrumb\",\"itemListElement\":[{\"@type\":\"ListItem\",\"position\":1,\"name\":\"In\u00edcio\",\"item\":\"https:\\\/\\\/www.bass.com.br\\\/\"},{\"@type\":\"ListItem\",\"position\":2,\"name\":\"Laborat\u00f3rio\"}]},{\"@type\":\"WebSite\",\"@id\":\"https:\\\/\\\/www.bass.com.br\\\/#website\",\"url\":\"https:\\\/\\\/www.bass.com.br\\\/\",\"name\":\"Bass Equipamentos\",\"description\":\"Qualidade, Durabilidade, Performance e Economia.\",\"publisher\":{\"@id\":\"https:\\\/\\\/www.bass.com.br\\\/#organization\"},\"potentialAction\":[{\"@type\":\"SearchAction\",\"target\":{\"@type\":\"EntryPoint\",\"urlTemplate\":\"https:\\\/\\\/www.bass.com.br\\\/?s={search_term_string}\"},\"query-input\":{\"@type\":\"PropertyValueSpecification\",\"valueRequired\":true,\"valueName\":\"search_term_string\"}}],\"inLanguage\":\"es\"},{\"@type\":\"Organization\",\"@id\":\"https:\\\/\\\/www.bass.com.br\\\/#organization\",\"name\":\"Bass Equipamentos\",\"url\":\"https:\\\/\\\/www.bass.com.br\\\/\",\"logo\":{\"@type\":\"ImageObject\",\"inLanguage\":\"es\",\"@id\":\"https:\\\/\\\/www.bass.com.br\\\/#\\\/schema\\\/logo\\\/image\\\/\",\"url\":\"https:\\\/\\\/www.bass.com.br\\\/wp-content\\\/uploads\\\/2020\\\/04\\\/logo-bass3_site.png\",\"contentUrl\":\"https:\\\/\\\/www.bass.com.br\\\/wp-content\\\/uploads\\\/2020\\\/04\\\/logo-bass3_site.png\",\"width\":800,\"height\":227,\"caption\":\"Bass Equipamentos\"},\"image\":{\"@id\":\"https:\\\/\\\/www.bass.com.br\\\/#\\\/schema\\\/logo\\\/image\\\/\"},\"sameAs\":[\"https:\\\/\\\/www.facebook.com\\\/BassEquipamentos\\\/\",\"https:\\\/\\\/www.instagram.com\\\/bass_equipamentos\\\/\",\"https:\\\/\\\/br.linkedin.com\\\/company\\\/bass-equipamentos-ltda\"]}]}<\/script>\n<!-- \/ Yoast SEO plugin. -->","yoast_head_json":{"title":"Laborat\u00f3rio - Bass Equipamentos","robots":{"index":"index","follow":"follow","max-snippet":"max-snippet:-1","max-image-preview":"max-image-preview:large","max-video-preview":"max-video-preview:-1"},"canonical":"https:\/\/www.bass.com.br\/es\/laboratorio\/","og_locale":"es_ES","og_type":"article","og_title":"Laborat\u00f3rio - Bass Equipamentos","og_url":"https:\/\/www.bass.com.br\/es\/laboratorio\/","og_site_name":"Bass Equipamentos","article_publisher":"https:\/\/www.facebook.com\/BassEquipamentos\/","article_modified_time":"2024-03-25T14:12:46+00:00","twitter_card":"summary_large_image","twitter_misc":{"Tiempo de lectura":"6 minutos"},"schema":{"@context":"https:\/\/schema.org","@graph":[{"@type":"WebPage","@id":"https:\/\/www.bass.com.br\/laboratorio\/","url":"https:\/\/www.bass.com.br\/laboratorio\/","name":"Laborat\u00f3rio - Bass Equipamentos","isPartOf":{"@id":"https:\/\/www.bass.com.br\/#website"},"datePublished":"2020-04-15T18:18:57+00:00","dateModified":"2024-03-25T14:12:46+00:00","breadcrumb":{"@id":"https:\/\/www.bass.com.br\/laboratorio\/#breadcrumb"},"inLanguage":"es","potentialAction":[{"@type":"ReadAction","target":["https:\/\/www.bass.com.br\/laboratorio\/"]}]},{"@type":"BreadcrumbList","@id":"https:\/\/www.bass.com.br\/laboratorio\/#breadcrumb","itemListElement":[{"@type":"ListItem","position":1,"name":"In\u00edcio","item":"https:\/\/www.bass.com.br\/"},{"@type":"ListItem","position":2,"name":"Laborat\u00f3rio"}]},{"@type":"WebSite","@id":"https:\/\/www.bass.com.br\/#website","url":"https:\/\/www.bass.com.br\/","name":"Bass Equipamentos","description":"Qualidade, Durabilidade, Performance e Economia.","publisher":{"@id":"https:\/\/www.bass.com.br\/#organization"},"potentialAction":[{"@type":"SearchAction","target":{"@type":"EntryPoint","urlTemplate":"https:\/\/www.bass.com.br\/?s={search_term_string}"},"query-input":{"@type":"PropertyValueSpecification","valueRequired":true,"valueName":"search_term_string"}}],"inLanguage":"es"},{"@type":"Organization","@id":"https:\/\/www.bass.com.br\/#organization","name":"Bass Equipamentos","url":"https:\/\/www.bass.com.br\/","logo":{"@type":"ImageObject","inLanguage":"es","@id":"https:\/\/www.bass.com.br\/#\/schema\/logo\/image\/","url":"https:\/\/www.bass.com.br\/wp-content\/uploads\/2020\/04\/logo-bass3_site.png","contentUrl":"https:\/\/www.bass.com.br\/wp-content\/uploads\/2020\/04\/logo-bass3_site.png","width":800,"height":227,"caption":"Bass Equipamentos"},"image":{"@id":"https:\/\/www.bass.com.br\/#\/schema\/logo\/image\/"},"sameAs":["https:\/\/www.facebook.com\/BassEquipamentos\/","https:\/\/www.instagram.com\/bass_equipamentos\/","https:\/\/br.linkedin.com\/company\/bass-equipamentos-ltda"]}]}},"_links":{"self":[{"href":"https:\/\/www.bass.com.br\/es\/wp-json\/wp\/v2\/pages\/7055","targetHints":{"allow":["GET"]}}],"collection":[{"href":"https:\/\/www.bass.com.br\/es\/wp-json\/wp\/v2\/pages"}],"about":[{"href":"https:\/\/www.bass.com.br\/es\/wp-json\/wp\/v2\/types\/page"}],"author":[{"embeddable":true,"href":"https:\/\/www.bass.com.br\/es\/wp-json\/wp\/v2\/users\/1"}],"replies":[{"embeddable":true,"href":"https:\/\/www.bass.com.br\/es\/wp-json\/wp\/v2\/comments?post=7055"}],"version-history":[{"count":6,"href":"https:\/\/www.bass.com.br\/es\/wp-json\/wp\/v2\/pages\/7055\/revisions"}],"predecessor-version":[{"id":7644,"href":"https:\/\/www.bass.com.br\/es\/wp-json\/wp\/v2\/pages\/7055\/revisions\/7644"}],"wp:attachment":[{"href":"https:\/\/www.bass.com.br\/es\/wp-json\/wp\/v2\/media?parent=7055"}],"curies":[{"name":"wp","href":"https:\/\/api.w.org\/{rel}","templated":true}]}}