{"id":7196,"date":"2020-04-23T14:38:26","date_gmt":"2020-04-23T17:38:26","guid":{"rendered":"https:\/\/www.bass.com.br?page_id=7196"},"modified":"2020-06-10T14:57:38","modified_gmt":"2020-06-10T17:57:38","slug":"ciclo-termico","status":"publish","type":"page","link":"https:\/\/www.bass.com.br\/es\/equipamentos\/testes-de-simulacao\/ciclo-termico\/","title":{"rendered":"Ciclo T\u00e9rmico"},"content":{"rendered":"<div class=\"wpb-content-wrapper\"><section data-vc-full-width=\"true\" data-vc-full-width-init=\"false\" class=\"vc_section vc_custom_1519185297550\"><div class=\"vc_row wpb_row vc_row-fluid vc_column-gap-15\"><div class=\"wpb_column vc_column_container vc_col-sm-6 vc_col-has-fill\"><div class=\"vc_column-inner vc_custom_1588252064413\"><div class=\"wpb_wrapper\"><div id=\"ultimate-heading-605069e745210fcb6\" class=\"uvc-heading ult-adjust-bottom-margin ultimate-heading-605069e745210fcb6 uvc-9167\" data-hspacer=\"line_only\"  data-halign=\"center\" style=\"text-align:center\"><div class=\"uvc-main-heading ult-responsive\"  data-ultimate-target='.uvc-heading.ultimate-heading-605069e745210fcb6 h2'  data-responsive-json-new='{\"font-size\":\"desktop:26px;\",\"line-height\":\"\"}' ><h2 style=\"font-weight:normal;color:#242424;\">C\u00e1mara Clim\u00e1tica Temperatura y Humedad Thermotron Modelo Bench Top<\/h2><\/div><div class=\"uvc-heading-spacer line_only\" style=\"topheight:5px;\"><span class=\"uvc-headings-line\" style=\"border-style:solid;border-bottom-width:5px;border-color:#36a7e9;width:autopx;\"><\/span><\/div><\/div><div class=\"vc_empty_space\"   style=\"height: 32px\"><span class=\"vc_empty_space_inner\"><\/span><\/div><div class=\"vc_btn3-container vc_btn3-center vc_do_btn\" ><a onmouseleave=\"this.style.borderColor='#a52a2a'; this.style.backgroundColor='transparent'; this.style.color='#a52a2a'\" onmouseenter=\"this.style.borderColor='#242424'; this.style.backgroundColor='#242424'; this.style.color='#ffffff';\" style=\"border-color:#a52a2a; color:#a52a2a;\" class=\"vc_general vc_btn3 vc_btn3-size-md vc_btn3-shape-rounded vc_btn3-style-outline-custom vc_btn3-icon-right\" href=\"\/es\/equipamentos\/testes-de-simulacao\/ciclo-termico\/camara-climatica-temperatura-e-umidade-thermotron-modelo-bench-top\/\" title=\"C\u00e1mara Clim\u00e1tica Temperatura y Humedad Thermotron Modelo Bench Top\">+ DETALLES <i class=\"vc_btn3-icon fas fa-angle-right\"><\/i><\/a><\/div><\/div><\/div><\/div><div class=\"wpb_column vc_column_container vc_col-sm-6 vc_col-has-fill\"><div class=\"vc_column-inner vc_custom_1589222000019\"><div class=\"wpb_wrapper\"><div id=\"ultimate-heading-838769e7452110945\" class=\"uvc-heading ult-adjust-bottom-margin ultimate-heading-838769e7452110945 uvc-5245\" data-hspacer=\"line_only\"  data-halign=\"center\" style=\"text-align:center\"><div class=\"uvc-main-heading ult-responsive\"  data-ultimate-target='.uvc-heading.ultimate-heading-838769e7452110945 h2'  data-responsive-json-new='{\"font-size\":\"desktop:26px;\",\"line-height\":\"\"}' ><h2 style=\"font-weight:normal;color:#242424;\">C\u00e1mara Clim\u00e1tica Temperatura y Humedad modelo Thermotron SM<\/h2><\/div><div class=\"uvc-heading-spacer line_only\" style=\"topheight:5px;\"><span class=\"uvc-headings-line\" style=\"border-style:solid;border-bottom-width:5px;border-color:#36a7e9;width:autopx;\"><\/span><\/div><\/div><div class=\"vc_empty_space\"   style=\"height: 32px\"><span class=\"vc_empty_space_inner\"><\/span><\/div><div class=\"vc_btn3-container vc_btn3-center vc_do_btn\" ><a onmouseleave=\"this.style.borderColor='#a52a2a'; this.style.backgroundColor='transparent'; this.style.color='#a52a2a'\" onmouseenter=\"this.style.borderColor='#242424'; this.style.backgroundColor='#242424'; this.style.color='#ffffff';\" style=\"border-color:#a52a2a; color:#a52a2a;\" class=\"vc_general vc_btn3 vc_btn3-size-md vc_btn3-shape-rounded vc_btn3-style-outline-custom vc_btn3-icon-right\" href=\"\/es\/equipamentos\/testes-de-simulacao\/ciclo-termico\/camara-climatica-temperatura-e-umidade-modelo-thermotron-sm\/\" title=\"C\u00e1mara Clim\u00e1tica Temperatura y Humedad modelo Thermotron SM\">+ DETALLES <i class=\"vc_btn3-icon fas fa-angle-right\"><\/i><\/a><\/div><\/div><\/div><\/div><\/div><div class=\"vc_row wpb_row vc_row-fluid vc_column-gap-15\"><div class=\"wpb_column vc_column_container vc_col-sm-6 vc_col-has-fill\"><div class=\"vc_column-inner vc_custom_1589222009908\"><div class=\"wpb_wrapper\"><div id=\"ultimate-heading-487969e7452111de4\" class=\"uvc-heading ult-adjust-bottom-margin ultimate-heading-487969e7452111de4 uvc-3588\" data-hspacer=\"line_only\"  data-halign=\"center\" style=\"text-align:center\"><div class=\"uvc-main-heading ult-responsive\"  data-ultimate-target='.uvc-heading.ultimate-heading-487969e7452111de4 h2'  data-responsive-json-new='{\"font-size\":\"desktop:26px;\",\"line-height\":\"\"}' ><h2 style=\"font-weight:normal;color:#242424;\">C\u00e1mara Clim\u00e1tica Temperatura y Humedad modelo Thermotron SE<\/h2><\/div><div class=\"uvc-heading-spacer line_only\" style=\"topheight:5px;\"><span class=\"uvc-headings-line\" style=\"border-style:solid;border-bottom-width:5px;border-color:#36a7e9;width:autopx;\"><\/span><\/div><\/div><div class=\"vc_empty_space\"   style=\"height: 32px\"><span class=\"vc_empty_space_inner\"><\/span><\/div><div class=\"vc_btn3-container vc_btn3-center vc_do_btn\" ><a onmouseleave=\"this.style.borderColor='#a52a2a'; this.style.backgroundColor='transparent'; this.style.color='#a52a2a'\" onmouseenter=\"this.style.borderColor='#242424'; this.style.backgroundColor='#242424'; this.style.color='#ffffff';\" style=\"border-color:#a52a2a; color:#a52a2a;\" class=\"vc_general vc_btn3 vc_btn3-size-md vc_btn3-shape-rounded vc_btn3-style-outline-custom vc_btn3-icon-right\" href=\"\/es\/equipamentos\/testes-de-simulacao\/ciclo-termico\/camara-climatica-temperatura-e-umidade-modelo-thermotron-se\/\" title=\"C\u00e1mara Clim\u00e1tica Temperatura y Humedad modelo Thermotron SE\">+ DETALLES <i class=\"vc_btn3-icon fas fa-angle-right\"><\/i><\/a><\/div><\/div><\/div><\/div><div class=\"wpb_column vc_column_container vc_col-sm-6 vc_col-has-fill\"><div class=\"vc_column-inner vc_custom_1588252064413\"><div class=\"wpb_wrapper\"><div id=\"ultimate-heading-89869e74521127a4\" class=\"uvc-heading ult-adjust-bottom-margin ultimate-heading-89869e74521127a4 uvc-1287\" data-hspacer=\"line_only\"  data-halign=\"center\" style=\"text-align:center\"><div class=\"uvc-main-heading ult-responsive\"  data-ultimate-target='.uvc-heading.ultimate-heading-89869e74521127a4 h2'  data-responsive-json-new='{\"font-size\":\"desktop:26px;\",\"line-height\":\"\"}' ><h2 style=\"font-weight:normal;color:#242424;\">C\u00e1mara clim\u00e1tica de choque t\u00e9rmico Thermotron ATS<\/h2><\/div><div class=\"uvc-heading-spacer line_only\" style=\"topheight:5px;\"><span class=\"uvc-headings-line\" style=\"border-style:solid;border-bottom-width:5px;border-color:#36a7e9;width:autopx;\"><\/span><\/div><\/div><div class=\"vc_empty_space\"   style=\"height: 32px\"><span class=\"vc_empty_space_inner\"><\/span><\/div><div class=\"vc_btn3-container vc_btn3-center vc_do_btn\" ><a onmouseleave=\"this.style.borderColor='#a52a2a'; this.style.backgroundColor='transparent'; this.style.color='#a52a2a'\" onmouseenter=\"this.style.borderColor='#242424'; this.style.backgroundColor='#242424'; this.style.color='#ffffff';\" style=\"border-color:#a52a2a; color:#a52a2a;\" class=\"vc_general vc_btn3 vc_btn3-size-md vc_btn3-shape-rounded vc_btn3-style-outline-custom vc_btn3-icon-right\" href=\"\/es\/equipamentos\/testes-de-simulacao\/ciclo-termico\/camara-climatica-de-choque-termico-modelo-thermotron-ats\/\" title=\"C\u00e2mara Clim\u00e1tica de Choque T\u00e9rmico modelo Thermotron ATS e modelo Thermotron ATS\">+ DETALLES <i class=\"vc_btn3-icon fas fa-angle-right\"><\/i><\/a><\/div><\/div><\/div><\/div><\/div><div class=\"vc_row wpb_row vc_row-fluid vc_column-gap-15\"><div class=\"wpb_column vc_column_container vc_col-sm-6 vc_col-has-fill\"><div class=\"vc_column-inner vc_custom_1588252064413\"><div class=\"wpb_wrapper\"><div id=\"ultimate-heading-164869e7452118dce\" class=\"uvc-heading ult-adjust-bottom-margin ultimate-heading-164869e7452118dce uvc-111\" data-hspacer=\"line_only\"  data-halign=\"center\" style=\"text-align:center\"><div class=\"uvc-main-heading ult-responsive\"  data-ultimate-target='.uvc-heading.ultimate-heading-164869e7452118dce h2'  data-responsive-json-new='{\"font-size\":\"desktop:26px;\",\"line-height\":\"\"}' ><h2 style=\"font-weight:normal;color:#242424;\">Sistema de Ensayo de Vibraciones Electrodin\u00e1micas modelo Thermotron EVTS<\/h2><\/div><div class=\"uvc-heading-spacer line_only\" style=\"topheight:5px;\"><span class=\"uvc-headings-line\" style=\"border-style:solid;border-bottom-width:5px;border-color:#36a7e9;width:autopx;\"><\/span><\/div><\/div><div class=\"vc_empty_space\"   style=\"height: 32px\"><span class=\"vc_empty_space_inner\"><\/span><\/div><div class=\"vc_btn3-container vc_btn3-center vc_do_btn\" ><a onmouseleave=\"this.style.borderColor='#a52a2a'; this.style.backgroundColor='transparent'; this.style.color='#a52a2a'\" onmouseenter=\"this.style.borderColor='#242424'; this.style.backgroundColor='#242424'; this.style.color='#ffffff';\" style=\"border-color:#a52a2a; color:#a52a2a;\" class=\"vc_general vc_btn3 vc_btn3-size-md vc_btn3-shape-rounded vc_btn3-style-outline-custom vc_btn3-icon-right\" href=\"\/es\/equipamentos\/testes-de-simulacao\/ciclo-termico\/sistema-eletrodinamico-de-ensaios-de-vibracao-modelo-thermotron-evts\/\" title=\"Sistema de Ensayo de Vibraciones Electrodin\u00e1micas modelo Thermotron EVTS\">+ DETALLES <i class=\"vc_btn3-icon fas fa-angle-right\"><\/i><\/a><\/div><\/div><\/div><\/div><div class=\"wpb_column vc_column_container vc_col-sm-6 vc_col-has-fill\"><div class=\"vc_column-inner vc_custom_1589222018256\"><div class=\"wpb_wrapper\"><div id=\"ultimate-heading-342569e74521198d1\" class=\"uvc-heading ult-adjust-bottom-margin ultimate-heading-342569e74521198d1 uvc-5155\" data-hspacer=\"line_only\"  data-halign=\"center\" style=\"text-align:center\"><div class=\"uvc-main-heading ult-responsive\"  data-ultimate-target='.uvc-heading.ultimate-heading-342569e74521198d1 h2'  data-responsive-json-new='{\"font-size\":\"desktop:26px;\",\"line-height\":\"\"}' ><h2 style=\"font-weight:normal;color:#242424;\">C\u00e1mara Clim\u00e1tica Combinada Temperatura Humedad y Vibraci\u00f3n modelo Thermotron DE ACUERDO<\/h2><\/div><div class=\"uvc-heading-spacer line_only\" style=\"topheight:5px;\"><span class=\"uvc-headings-line\" style=\"border-style:solid;border-bottom-width:5px;border-color:#36a7e9;width:autopx;\"><\/span><\/div><\/div><div class=\"vc_empty_space\"   style=\"height: 32px\"><span class=\"vc_empty_space_inner\"><\/span><\/div><div class=\"vc_btn3-container vc_btn3-center vc_do_btn\" ><a onmouseleave=\"this.style.borderColor='#a52a2a'; this.style.backgroundColor='transparent'; this.style.color='#a52a2a'\" onmouseenter=\"this.style.borderColor='#242424'; this.style.backgroundColor='#242424'; this.style.color='#ffffff';\" style=\"border-color:#a52a2a; color:#a52a2a;\" class=\"vc_general vc_btn3 vc_btn3-size-md vc_btn3-shape-rounded vc_btn3-style-outline-custom vc_btn3-icon-right\" href=\"\/es\/equipamentos\/testes-de-simulacao\/ciclo-termico\/camara-climatica-combinada-temperatura-umidade-e-vibracao-modelo-thermotron-agree\/\" title=\"C\u00e1mara Clim\u00e1tica Combinada Temperatura Humedad y Vibraci\u00f3n modelo Thermotron DE ACUERDO\">+ DETALLES <i class=\"vc_btn3-icon fas fa-angle-right\"><\/i><\/a><\/div><\/div><\/div><\/div><\/div><\/section><div class=\"vc_row-full-width vc_clearfix\"><\/div>\n<\/div>","protected":false},"excerpt":{"rendered":"C\u00e2mara Clim\u00e1tica Temperatura e Umidade Thermotron modelo Bench Top+ DETALHES C\u00e2mara Clim\u00e1tica Temperatura e Umidade modelo Thermotron SM+ DETALHES C\u00e2mara Clim\u00e1tica Temperatura e Umidade modelo Thermotron SE+ DETALHES C\u00e2mara Clim\u00e1tica de Choque T\u00e9rmico modelo Thermotron ATS+ DETALHES Sistema Eletrodinamico de Ensaios de Vibra\u00e7\u00e3o modelo Thermotron EVTS+ DETALHES C\u00e2mara Clim\u00e1tica combinada Temperatura Umidade e Vibra\u00e7\u00e3o modelo [...]","protected":false},"author":1,"featured_media":7474,"parent":5063,"menu_order":0,"comment_status":"closed","ping_status":"closed","template":"","meta":{"footnotes":""},"class_list":["post-7196","page","type-page","status-publish","has-post-thumbnail","hentry"],"yoast_head":"<!-- This site is optimized with the Yoast SEO plugin v27.4 - https:\/\/yoast.com\/product\/yoast-seo-wordpress\/ -->\n<title>Ciclo T\u00e9rmico - Bass Equipamentos<\/title>\n<meta name=\"robots\" content=\"index, follow, max-snippet:-1, max-image-preview:large, max-video-preview:-1\" \/>\n<link rel=\"canonical\" href=\"https:\/\/www.bass.com.br\/es\/equipamentos\/testes-de-simulacao\/ciclo-termico\/\" \/>\n<meta property=\"og:locale\" content=\"es_ES\" \/>\n<meta property=\"og:type\" content=\"article\" \/>\n<meta property=\"og:title\" content=\"Ciclo T\u00e9rmico - Bass Equipamentos\" \/>\n<meta property=\"og:url\" content=\"https:\/\/www.bass.com.br\/es\/equipamentos\/testes-de-simulacao\/ciclo-termico\/\" \/>\n<meta property=\"og:site_name\" content=\"Bass Equipamentos\" \/>\n<meta property=\"article:publisher\" content=\"https:\/\/www.facebook.com\/BassEquipamentos\/\" \/>\n<meta property=\"article:modified_time\" content=\"2020-06-10T17:57:38+00:00\" \/>\n<meta property=\"og:image\" content=\"https:\/\/www.bass.com.br\/wp-content\/uploads\/2020\/05\/Foto-Light-house-no-frio-.jpg\" \/>\n\t<meta property=\"og:image:width\" content=\"800\" \/>\n\t<meta property=\"og:image:height\" content=\"500\" \/>\n\t<meta property=\"og:image:type\" content=\"image\/jpeg\" \/>\n<meta name=\"twitter:card\" content=\"summary_large_image\" \/>\n<meta name=\"twitter:label1\" content=\"Tiempo de lectura\" \/>\n\t<meta name=\"twitter:data1\" content=\"5 minutos\" \/>\n<script type=\"application\/ld+json\" class=\"yoast-schema-graph\">{\"@context\":\"https:\\\/\\\/schema.org\",\"@graph\":[{\"@type\":\"WebPage\",\"@id\":\"https:\\\/\\\/www.bass.com.br\\\/equipamentos\\\/testes-de-simulacao\\\/ciclo-termico\\\/\",\"url\":\"https:\\\/\\\/www.bass.com.br\\\/equipamentos\\\/testes-de-simulacao\\\/ciclo-termico\\\/\",\"name\":\"Ciclo T\u00e9rmico - Bass Equipamentos\",\"isPartOf\":{\"@id\":\"https:\\\/\\\/www.bass.com.br\\\/#website\"},\"primaryImageOfPage\":{\"@id\":\"https:\\\/\\\/www.bass.com.br\\\/equipamentos\\\/testes-de-simulacao\\\/ciclo-termico\\\/#primaryimage\"},\"image\":{\"@id\":\"https:\\\/\\\/www.bass.com.br\\\/equipamentos\\\/testes-de-simulacao\\\/ciclo-termico\\\/#primaryimage\"},\"thumbnailUrl\":\"https:\\\/\\\/www.bass.com.br\\\/wp-content\\\/uploads\\\/2020\\\/05\\\/Foto-Light-house-no-frio-.jpg\",\"datePublished\":\"2020-04-23T17:38:26+00:00\",\"dateModified\":\"2020-06-10T17:57:38+00:00\",\"breadcrumb\":{\"@id\":\"https:\\\/\\\/www.bass.com.br\\\/equipamentos\\\/testes-de-simulacao\\\/ciclo-termico\\\/#breadcrumb\"},\"inLanguage\":\"es\",\"potentialAction\":[{\"@type\":\"ReadAction\",\"target\":[\"https:\\\/\\\/www.bass.com.br\\\/equipamentos\\\/testes-de-simulacao\\\/ciclo-termico\\\/\"]}]},{\"@type\":\"ImageObject\",\"inLanguage\":\"es\",\"@id\":\"https:\\\/\\\/www.bass.com.br\\\/equipamentos\\\/testes-de-simulacao\\\/ciclo-termico\\\/#primaryimage\",\"url\":\"https:\\\/\\\/www.bass.com.br\\\/wp-content\\\/uploads\\\/2020\\\/05\\\/Foto-Light-house-no-frio-.jpg\",\"contentUrl\":\"https:\\\/\\\/www.bass.com.br\\\/wp-content\\\/uploads\\\/2020\\\/05\\\/Foto-Light-house-no-frio-.jpg\",\"width\":800,\"height\":500},{\"@type\":\"BreadcrumbList\",\"@id\":\"https:\\\/\\\/www.bass.com.br\\\/equipamentos\\\/testes-de-simulacao\\\/ciclo-termico\\\/#breadcrumb\",\"itemListElement\":[{\"@type\":\"ListItem\",\"position\":1,\"name\":\"In\u00edcio\",\"item\":\"https:\\\/\\\/www.bass.com.br\\\/\"},{\"@type\":\"ListItem\",\"position\":2,\"name\":\"C\u00e2maras Ensaio\",\"item\":\"https:\\\/\\\/www.bass.com.br\\\/equipamentos\\\/\"},{\"@type\":\"ListItem\",\"position\":3,\"name\":\"Clim\u00e1ticas\",\"item\":\"https:\\\/\\\/www.bass.com.br\\\/equipamentos\\\/testes-de-simulacao\\\/\"},{\"@type\":\"ListItem\",\"position\":4,\"name\":\"Ciclo T\u00e9rmico\"}]},{\"@type\":\"WebSite\",\"@id\":\"https:\\\/\\\/www.bass.com.br\\\/#website\",\"url\":\"https:\\\/\\\/www.bass.com.br\\\/\",\"name\":\"Bass Equipamentos\",\"description\":\"Qualidade, Durabilidade, Performance e Economia.\",\"publisher\":{\"@id\":\"https:\\\/\\\/www.bass.com.br\\\/#organization\"},\"potentialAction\":[{\"@type\":\"SearchAction\",\"target\":{\"@type\":\"EntryPoint\",\"urlTemplate\":\"https:\\\/\\\/www.bass.com.br\\\/?s={search_term_string}\"},\"query-input\":{\"@type\":\"PropertyValueSpecification\",\"valueRequired\":true,\"valueName\":\"search_term_string\"}}],\"inLanguage\":\"es\"},{\"@type\":\"Organization\",\"@id\":\"https:\\\/\\\/www.bass.com.br\\\/#organization\",\"name\":\"Bass Equipamentos\",\"url\":\"https:\\\/\\\/www.bass.com.br\\\/\",\"logo\":{\"@type\":\"ImageObject\",\"inLanguage\":\"es\",\"@id\":\"https:\\\/\\\/www.bass.com.br\\\/#\\\/schema\\\/logo\\\/image\\\/\",\"url\":\"https:\\\/\\\/www.bass.com.br\\\/wp-content\\\/uploads\\\/2020\\\/04\\\/logo-bass3_site.png\",\"contentUrl\":\"https:\\\/\\\/www.bass.com.br\\\/wp-content\\\/uploads\\\/2020\\\/04\\\/logo-bass3_site.png\",\"width\":800,\"height\":227,\"caption\":\"Bass Equipamentos\"},\"image\":{\"@id\":\"https:\\\/\\\/www.bass.com.br\\\/#\\\/schema\\\/logo\\\/image\\\/\"},\"sameAs\":[\"https:\\\/\\\/www.facebook.com\\\/BassEquipamentos\\\/\",\"https:\\\/\\\/www.instagram.com\\\/bass_equipamentos\\\/\",\"https:\\\/\\\/br.linkedin.com\\\/company\\\/bass-equipamentos-ltda\"]}]}<\/script>\n<!-- \/ Yoast SEO plugin. -->","yoast_head_json":{"title":"Ciclo T\u00e9rmico - Bass Equipamentos","robots":{"index":"index","follow":"follow","max-snippet":"max-snippet:-1","max-image-preview":"max-image-preview:large","max-video-preview":"max-video-preview:-1"},"canonical":"https:\/\/www.bass.com.br\/es\/equipamentos\/testes-de-simulacao\/ciclo-termico\/","og_locale":"es_ES","og_type":"article","og_title":"Ciclo T\u00e9rmico - Bass Equipamentos","og_url":"https:\/\/www.bass.com.br\/es\/equipamentos\/testes-de-simulacao\/ciclo-termico\/","og_site_name":"Bass Equipamentos","article_publisher":"https:\/\/www.facebook.com\/BassEquipamentos\/","article_modified_time":"2020-06-10T17:57:38+00:00","og_image":[{"width":800,"height":500,"url":"https:\/\/www.bass.com.br\/wp-content\/uploads\/2020\/05\/Foto-Light-house-no-frio-.jpg","type":"image\/jpeg"}],"twitter_card":"summary_large_image","twitter_misc":{"Tiempo de lectura":"5 minutos"},"schema":{"@context":"https:\/\/schema.org","@graph":[{"@type":"WebPage","@id":"https:\/\/www.bass.com.br\/equipamentos\/testes-de-simulacao\/ciclo-termico\/","url":"https:\/\/www.bass.com.br\/equipamentos\/testes-de-simulacao\/ciclo-termico\/","name":"Ciclo T\u00e9rmico - Bass Equipamentos","isPartOf":{"@id":"https:\/\/www.bass.com.br\/#website"},"primaryImageOfPage":{"@id":"https:\/\/www.bass.com.br\/equipamentos\/testes-de-simulacao\/ciclo-termico\/#primaryimage"},"image":{"@id":"https:\/\/www.bass.com.br\/equipamentos\/testes-de-simulacao\/ciclo-termico\/#primaryimage"},"thumbnailUrl":"https:\/\/www.bass.com.br\/wp-content\/uploads\/2020\/05\/Foto-Light-house-no-frio-.jpg","datePublished":"2020-04-23T17:38:26+00:00","dateModified":"2020-06-10T17:57:38+00:00","breadcrumb":{"@id":"https:\/\/www.bass.com.br\/equipamentos\/testes-de-simulacao\/ciclo-termico\/#breadcrumb"},"inLanguage":"es","potentialAction":[{"@type":"ReadAction","target":["https:\/\/www.bass.com.br\/equipamentos\/testes-de-simulacao\/ciclo-termico\/"]}]},{"@type":"ImageObject","inLanguage":"es","@id":"https:\/\/www.bass.com.br\/equipamentos\/testes-de-simulacao\/ciclo-termico\/#primaryimage","url":"https:\/\/www.bass.com.br\/wp-content\/uploads\/2020\/05\/Foto-Light-house-no-frio-.jpg","contentUrl":"https:\/\/www.bass.com.br\/wp-content\/uploads\/2020\/05\/Foto-Light-house-no-frio-.jpg","width":800,"height":500},{"@type":"BreadcrumbList","@id":"https:\/\/www.bass.com.br\/equipamentos\/testes-de-simulacao\/ciclo-termico\/#breadcrumb","itemListElement":[{"@type":"ListItem","position":1,"name":"In\u00edcio","item":"https:\/\/www.bass.com.br\/"},{"@type":"ListItem","position":2,"name":"C\u00e2maras Ensaio","item":"https:\/\/www.bass.com.br\/equipamentos\/"},{"@type":"ListItem","position":3,"name":"Clim\u00e1ticas","item":"https:\/\/www.bass.com.br\/equipamentos\/testes-de-simulacao\/"},{"@type":"ListItem","position":4,"name":"Ciclo T\u00e9rmico"}]},{"@type":"WebSite","@id":"https:\/\/www.bass.com.br\/#website","url":"https:\/\/www.bass.com.br\/","name":"Bass Equipamentos","description":"Qualidade, Durabilidade, Performance e Economia.","publisher":{"@id":"https:\/\/www.bass.com.br\/#organization"},"potentialAction":[{"@type":"SearchAction","target":{"@type":"EntryPoint","urlTemplate":"https:\/\/www.bass.com.br\/?s={search_term_string}"},"query-input":{"@type":"PropertyValueSpecification","valueRequired":true,"valueName":"search_term_string"}}],"inLanguage":"es"},{"@type":"Organization","@id":"https:\/\/www.bass.com.br\/#organization","name":"Bass Equipamentos","url":"https:\/\/www.bass.com.br\/","logo":{"@type":"ImageObject","inLanguage":"es","@id":"https:\/\/www.bass.com.br\/#\/schema\/logo\/image\/","url":"https:\/\/www.bass.com.br\/wp-content\/uploads\/2020\/04\/logo-bass3_site.png","contentUrl":"https:\/\/www.bass.com.br\/wp-content\/uploads\/2020\/04\/logo-bass3_site.png","width":800,"height":227,"caption":"Bass Equipamentos"},"image":{"@id":"https:\/\/www.bass.com.br\/#\/schema\/logo\/image\/"},"sameAs":["https:\/\/www.facebook.com\/BassEquipamentos\/","https:\/\/www.instagram.com\/bass_equipamentos\/","https:\/\/br.linkedin.com\/company\/bass-equipamentos-ltda"]}]}},"_links":{"self":[{"href":"https:\/\/www.bass.com.br\/es\/wp-json\/wp\/v2\/pages\/7196","targetHints":{"allow":["GET"]}}],"collection":[{"href":"https:\/\/www.bass.com.br\/es\/wp-json\/wp\/v2\/pages"}],"about":[{"href":"https:\/\/www.bass.com.br\/es\/wp-json\/wp\/v2\/types\/page"}],"author":[{"embeddable":true,"href":"https:\/\/www.bass.com.br\/es\/wp-json\/wp\/v2\/users\/1"}],"replies":[{"embeddable":true,"href":"https:\/\/www.bass.com.br\/es\/wp-json\/wp\/v2\/comments?post=7196"}],"version-history":[{"count":8,"href":"https:\/\/www.bass.com.br\/es\/wp-json\/wp\/v2\/pages\/7196\/revisions"}],"predecessor-version":[{"id":7558,"href":"https:\/\/www.bass.com.br\/es\/wp-json\/wp\/v2\/pages\/7196\/revisions\/7558"}],"up":[{"embeddable":true,"href":"https:\/\/www.bass.com.br\/es\/wp-json\/wp\/v2\/pages\/5063"}],"wp:featuredmedia":[{"embeddable":true,"href":"https:\/\/www.bass.com.br\/es\/wp-json\/wp\/v2\/media\/7474"}],"wp:attachment":[{"href":"https:\/\/www.bass.com.br\/es\/wp-json\/wp\/v2\/media?parent=7196"}],"curies":[{"name":"wp","href":"https:\/\/api.w.org\/{rel}","templated":true}]}}